{"id":1860,"date":"2023-05-16T22:04:35","date_gmt":"2023-05-16T21:04:35","guid":{"rendered":"https:\/\/fervin.si\/?page_id=1860"},"modified":"2023-12-13T20:19:34","modified_gmt":"2023-12-13T19:19:34","slug":"obiscite-nas","status":"publish","type":"page","link":"https:\/\/fervin.si\/en\/obiscite-nas\/","title":{"rendered":"Obi\u0161\u010dite nas"},"content":{"rendered":"<div data-elementor-type=\"wp-page\" data-elementor-id=\"1860\" class=\"elementor elementor-1860\">\n\t\t\t\t\t\t<section class=\"elementor-section elementor-top-section elementor-element elementor-element-92ee679 elementor-section-full_width elementor-section-height-min-height elementor-section-items-stretch elementor-section-height-default\" data-id=\"92ee679\" data-element_type=\"section\" data-settings=\"{&quot;background_background&quot;:&quot;classic&quot;}\">\n\t\t\t\t\t\t<div class=\"elementor-container elementor-column-gap-default\">\n\t\t\t\t\t<div class=\"elementor-column elementor-col-50 elementor-top-column elementor-element elementor-element-7a0f01f\" data-id=\"7a0f01f\" data-element_type=\"column\">\n\t\t\t<div class=\"elementor-widget-wrap elementor-element-populated\">\n\t\t\t\t\t\t<div class=\"elementor-element elementor-element-74ff7abe elementor-widget elementor-widget-heading\" data-id=\"74ff7abe\" data-element_type=\"widget\" data-widget_type=\"heading.default\">\n\t\t\t\t<div class=\"elementor-widget-container\">\n\t\t\t\t\t<h2 class=\"elementor-heading-title elementor-size-default\">VISIT US<\/h2>\t\t\t\t<\/div>\n\t\t\t\t<\/div>\n\t\t\t\t<div class=\"elementor-element elementor-element-644ae4db elementor-widget__width-initial elementor-widget elementor-widget-text-editor\" data-id=\"644ae4db\" data-element_type=\"widget\" data-widget_type=\"text-editor.default\">\n\t\t\t\t<div class=\"elementor-widget-container\">\n\t\t\t\t\t\t\t\t\t<p>The imprints of our work and place in the wine you feel the most when you visit us and discover where and how the wine was made. That's why we invite you to join us on a guided wine tasting, where we will take you through the process of producing our wine. We begin with a presentation of the estate with a glass of pleasantly chilled sparkling wine in the shade of cherry trees. During a visit to the vineyard, we learn about the main viticultural tasks. This is followed by a tour of the grape pressing center and a presentation of our wine production process. In a relaxed atmosphere, we continue with a wine tasting accompanied by snacks of our own or local origin, and the tasting ends with a tour of the cellar and the opportunity to buy some wine.<\/p>\n<p>We look forward to your visit.<\/p>\t\t\t\t\t\t\t\t<\/div>\n\t\t\t\t<\/div>\n\t\t\t\t<div class=\"elementor-element elementor-element-1f6143c elementor-widget__width-initial elementor-widget elementor-widget-text-editor\" data-id=\"1f6143c\" data-element_type=\"widget\" data-widget_type=\"text-editor.default\">\n\t\t\t\t<div class=\"elementor-widget-container\">\n\t\t\t\t\t\t\t\t\t<p><strong>Schedule (June, July, August):<\/strong><\/p><p>- Tuesday at 19:00<br \/>- Thursday at 19:00<br \/>- Saturday at 19.00<br \/>- Sunday at 19:00<br \/>- Outside the schedule by appointment<\/p>\t\t\t\t\t\t\t\t<\/div>\n\t\t\t\t<\/div>\n\t\t\t\t<div class=\"elementor-element elementor-element-c6599a9 elementor-widget elementor-widget-image\" data-id=\"c6599a9\" data-element_type=\"widget\" data-widget_type=\"image.default\">\n\t\t\t\t<div class=\"elementor-widget-container\">\n\t\t\t\t\t\t\t\t\t\t\t\t\t\t\t<img fetchpriority=\"high\" decoding=\"async\" width=\"300\" height=\"200\" src=\"https:\/\/i0.wp.com\/fervin.si\/wp-content\/uploads\/2023\/05\/degustacija-fervin.jpg?fit=300%2C200&amp;ssl=1\" class=\"attachment-medium size-medium wp-image-1852\" alt=\"\" srcset=\"https:\/\/i0.wp.com\/fervin.si\/wp-content\/uploads\/2023\/05\/degustacija-fervin.jpg?w=2500&amp;ssl=1 2500w, https:\/\/i0.wp.com\/fervin.si\/wp-content\/uploads\/2023\/05\/degustacija-fervin.jpg?resize=300%2C200&amp;ssl=1 300w, https:\/\/i0.wp.com\/fervin.si\/wp-content\/uploads\/2023\/05\/degustacija-fervin.jpg?resize=1024%2C683&amp;ssl=1 1024w, https:\/\/i0.wp.com\/fervin.si\/wp-content\/uploads\/2023\/05\/degustacija-fervin.jpg?resize=768%2C512&amp;ssl=1 768w, https:\/\/i0.wp.com\/fervin.si\/wp-content\/uploads\/2023\/05\/degustacija-fervin.jpg?resize=1536%2C1024&amp;ssl=1 1536w, https:\/\/i0.wp.com\/fervin.si\/wp-content\/uploads\/2023\/05\/degustacija-fervin.jpg?resize=2048%2C1366&amp;ssl=1 2048w, https:\/\/i0.wp.com\/fervin.si\/wp-content\/uploads\/2023\/05\/degustacija-fervin.jpg?resize=18%2C12&amp;ssl=1 18w, https:\/\/i0.wp.com\/fervin.si\/wp-content\/uploads\/2023\/05\/degustacija-fervin.jpg?resize=930%2C620&amp;ssl=1 930w, https:\/\/i0.wp.com\/fervin.si\/wp-content\/uploads\/2023\/05\/degustacija-fervin.jpg?resize=1250%2C834&amp;ssl=1 1250w, https:\/\/i0.wp.com\/fervin.si\/wp-content\/uploads\/2023\/05\/degustacija-fervin.jpg?w=2400&amp;ssl=1 2400w\" sizes=\"(max-width: 300px) 100vw, 300px\" \/>\t\t\t\t\t\t\t\t\t\t\t\t\t\t\t<\/div>\n\t\t\t\t<\/div>\n\t\t\t\t\t<\/div>\n\t\t<\/div>\n\t\t\t\t<div class=\"elementor-column elementor-col-50 elementor-top-column elementor-element elementor-element-239807a\" data-id=\"239807a\" data-element_type=\"column\">\n\t\t\t<div class=\"elementor-widget-wrap elementor-element-populated\">\n\t\t\t\t\t\t<div class=\"elementor-element elementor-element-7b0aa6c elementor-widget__width-initial elementor-widget elementor-widget-text-editor\" data-id=\"7b0aa6c\" data-element_type=\"widget\" data-widget_type=\"text-editor.default\">\n\t\t\t\t<div class=\"elementor-widget-container\">\n\t\t\t\t\t\t\t\t\t<p><strong>MAIN DATA<\/strong><\/p>\n<p><strong>Duration:<\/strong> Approximately 2 hours<\/p>\n<p><strong>Number of samples:<\/strong> 6 \u2013 8 wines<\/p>\n<p><strong>Snacks:<\/strong> Cold cuts of our own production and local seasonal snacks<\/p>\n<p><strong>Price:<\/strong><br>-\tAdults: 25\u20ac per person<br>- Children (1-15 years): 10\u20ac per person (Childcare is provided)<\/p>\n<p><strong>Reservation:<\/strong> Please make a reservation at least 2 hours before the tasting. <br>(+386 41 562 237)<\/p>\n<p><strong>Location:<\/strong> Posestvo FERVIN, Vrtovin 29.a, 5262 \u010crni\u010de, Slovenia, EU<\/p>\n<p><strong>Contact:<\/strong> +386 41 562 237 (Matic), info@fervin.si<\/p>\t\t\t\t\t\t\t\t<\/div>\n\t\t\t\t<\/div>\n\t\t\t\t\t<\/div>\n\t\t<\/div>\n\t\t\t\t\t<\/div>\n\t\t<\/section>\n\t\t\t\t<\/div>","protected":false},"excerpt":{"rendered":"<p>OBI\u0160\u010cITE NAS Odtise na\u0161ega dela in kraja v vinu najbolj ob\u010dutite, ko nas osebno spoznate in iz prve roke odkrijete, kje in kako je vino nastalo. Zato Vas vabimo, da se nam pridru\u017eite na vodeni vinski degustaciji, s katero Vas popeljemo po poti pridelave na\u0161ih vin. Za\u010dnemo s predstavitvijo posestva ob prijetno ohlajenem kozarcu penine&hellip;&nbsp;<a href=\"https:\/\/fervin.si\/en\/obiscite-nas\/\" rel=\"bookmark\">Read More &raquo;<span class=\"screen-reader-text\">Obi\u0161\u010dite nas<\/span><\/a><\/p>","protected":false},"author":1,"featured_media":0,"parent":0,"menu_order":0,"comment_status":"closed","ping_status":"closed","template":"elementor_header_footer","meta":{"neve_meta_sidebar":"","neve_meta_container":"","neve_meta_enable_content_width":"","neve_meta_content_width":0,"neve_meta_title_alignment":"","neve_meta_author_avatar":"","neve_post_elements_order":"","neve_meta_disable_header":"","neve_meta_disable_footer":"","neve_meta_disable_title":"","footnotes":""},"class_list":["post-1860","page","type-page","status-publish","hentry"],"yoast_head":"<!-- This site is optimized with the Yoast SEO plugin v26.1 - https:\/\/yoast.com\/wordpress\/plugins\/seo\/ -->\n<title>Obi\u0161\u010dite nas - FERVIN<\/title>\n<meta name=\"robots\" content=\"index, follow, max-snippet:-1, max-image-preview:large, max-video-preview:-1\" \/>\n<link rel=\"canonical\" href=\"https:\/\/fervin.si\/en\/obiscite-nas\/\" \/>\n<meta property=\"og:locale\" content=\"en_GB\" \/>\n<meta property=\"og:type\" content=\"article\" \/>\n<meta property=\"og:title\" content=\"Obi\u0161\u010dite nas - FERVIN\" \/>\n<meta property=\"og:description\" content=\"OBI\u0160\u010cITE NAS Odtise na\u0161ega dela in kraja v vinu najbolj ob\u010dutite, ko nas osebno spoznate in iz prve roke odkrijete, kje in kako je vino nastalo. Zato Vas vabimo, da se nam pridru\u017eite na vodeni vinski degustaciji, s katero Vas popeljemo po poti pridelave na\u0161ih vin. Za\u010dnemo s predstavitvijo posestva ob prijetno ohlajenem kozarcu penine&hellip;&nbsp;Read More &raquo;Obi\u0161\u010dite nas\" \/>\n<meta property=\"og:url\" content=\"https:\/\/fervin.si\/en\/obiscite-nas\/\" \/>\n<meta property=\"og:site_name\" content=\"FERVIN\" \/>\n<meta property=\"article:publisher\" content=\"https:\/\/www.facebook.com\/posestvofervin\" \/>\n<meta property=\"article:modified_time\" content=\"2023-12-13T19:19:34+00:00\" \/>\n<meta property=\"og:image\" content=\"https:\/\/fervin.si\/wp-content\/uploads\/2023\/05\/degustacija-fervin-300x200.jpg\" \/>\n<meta name=\"twitter:card\" content=\"summary_large_image\" \/>\n<meta name=\"twitter:label1\" content=\"Estimated reading time\" \/>\n\t<meta name=\"twitter:data1\" content=\"2 minutes\" \/>\n<script type=\"application\/ld+json\" class=\"yoast-schema-graph\">{\"@context\":\"https:\/\/schema.org\",\"@graph\":[{\"@type\":\"WebPage\",\"@id\":\"https:\/\/fervin.si\/obiscite-nas\/\",\"url\":\"https:\/\/fervin.si\/obiscite-nas\/\",\"name\":\"Obi\u0161\u010dite nas - FERVIN\",\"isPartOf\":{\"@id\":\"https:\/\/fervin.si\/#website\"},\"primaryImageOfPage\":{\"@id\":\"https:\/\/fervin.si\/obiscite-nas\/#primaryimage\"},\"image\":{\"@id\":\"https:\/\/fervin.si\/obiscite-nas\/#primaryimage\"},\"thumbnailUrl\":\"https:\/\/fervin.si\/wp-content\/uploads\/2023\/05\/degustacija-fervin-300x200.jpg\",\"datePublished\":\"2023-05-16T21:04:35+00:00\",\"dateModified\":\"2023-12-13T19:19:34+00:00\",\"breadcrumb\":{\"@id\":\"https:\/\/fervin.si\/obiscite-nas\/#breadcrumb\"},\"inLanguage\":\"en-GB\",\"potentialAction\":[{\"@type\":\"ReadAction\",\"target\":[\"https:\/\/fervin.si\/obiscite-nas\/\"]}]},{\"@type\":\"ImageObject\",\"inLanguage\":\"en-GB\",\"@id\":\"https:\/\/fervin.si\/obiscite-nas\/#primaryimage\",\"url\":\"https:\/\/fervin.si\/wp-content\/uploads\/2023\/05\/degustacija-fervin-300x200.jpg\",\"contentUrl\":\"https:\/\/fervin.si\/wp-content\/uploads\/2023\/05\/degustacija-fervin-300x200.jpg\"},{\"@type\":\"BreadcrumbList\",\"@id\":\"https:\/\/fervin.si\/obiscite-nas\/#breadcrumb\",\"itemListElement\":[{\"@type\":\"ListItem\",\"position\":1,\"name\":\"Home\",\"item\":\"https:\/\/fervin.si\/\"},{\"@type\":\"ListItem\",\"position\":2,\"name\":\"Obi\u0161\u010dite nas\"}]},{\"@type\":\"WebSite\",\"@id\":\"https:\/\/fervin.si\/#website\",\"url\":\"https:\/\/fervin.si\/\",\"name\":\"FERVIN\",\"description\":\"V VINU SO ODTISI NA\u0160EGA DELA IN KRAJA\",\"publisher\":{\"@id\":\"https:\/\/fervin.si\/#organization\"},\"potentialAction\":[{\"@type\":\"SearchAction\",\"target\":{\"@type\":\"EntryPoint\",\"urlTemplate\":\"https:\/\/fervin.si\/?s={search_term_string}\"},\"query-input\":{\"@type\":\"PropertyValueSpecification\",\"valueRequired\":true,\"valueName\":\"search_term_string\"}}],\"inLanguage\":\"en-GB\"},{\"@type\":\"Organization\",\"@id\":\"https:\/\/fervin.si\/#organization\",\"name\":\"FERVIN\",\"url\":\"https:\/\/fervin.si\/\",\"logo\":{\"@type\":\"ImageObject\",\"inLanguage\":\"en-GB\",\"@id\":\"https:\/\/fervin.si\/#\/schema\/logo\/image\/\",\"url\":\"https:\/\/i0.wp.com\/fervin.si\/wp-content\/uploads\/2023\/02\/FERVINpaypal.png?fit=151%2C46&ssl=1\",\"contentUrl\":\"https:\/\/i0.wp.com\/fervin.si\/wp-content\/uploads\/2023\/02\/FERVINpaypal.png?fit=151%2C46&ssl=1\",\"width\":151,\"height\":46,\"caption\":\"FERVIN\"},\"image\":{\"@id\":\"https:\/\/fervin.si\/#\/schema\/logo\/image\/\"},\"sameAs\":[\"https:\/\/www.facebook.com\/posestvofervin\",\"https:\/\/www.instagram.com\/posestvofervin\/\"]}]}<\/script>\n<!-- \/ Yoast SEO plugin. -->","yoast_head_json":{"title":"Obi\u0161\u010dite nas - FERVIN","robots":{"index":"index","follow":"follow","max-snippet":"max-snippet:-1","max-image-preview":"max-image-preview:large","max-video-preview":"max-video-preview:-1"},"canonical":"https:\/\/fervin.si\/en\/obiscite-nas\/","og_locale":"en_GB","og_type":"article","og_title":"Obi\u0161\u010dite nas - FERVIN","og_description":"OBI\u0160\u010cITE NAS Odtise na\u0161ega dela in kraja v vinu najbolj ob\u010dutite, ko nas osebno spoznate in iz prve roke odkrijete, kje in kako je vino nastalo. Zato Vas vabimo, da se nam pridru\u017eite na vodeni vinski degustaciji, s katero Vas popeljemo po poti pridelave na\u0161ih vin. Za\u010dnemo s predstavitvijo posestva ob prijetno ohlajenem kozarcu penine&hellip;&nbsp;Read More &raquo;Obi\u0161\u010dite nas","og_url":"https:\/\/fervin.si\/en\/obiscite-nas\/","og_site_name":"FERVIN","article_publisher":"https:\/\/www.facebook.com\/posestvofervin","article_modified_time":"2023-12-13T19:19:34+00:00","og_image":[{"url":"https:\/\/fervin.si\/wp-content\/uploads\/2023\/05\/degustacija-fervin-300x200.jpg","type":"","width":"","height":""}],"twitter_card":"summary_large_image","twitter_misc":{"Estimated reading time":"2 minutes"},"schema":{"@context":"https:\/\/schema.org","@graph":[{"@type":"WebPage","@id":"https:\/\/fervin.si\/obiscite-nas\/","url":"https:\/\/fervin.si\/obiscite-nas\/","name":"Obi\u0161\u010dite nas - FERVIN","isPartOf":{"@id":"https:\/\/fervin.si\/#website"},"primaryImageOfPage":{"@id":"https:\/\/fervin.si\/obiscite-nas\/#primaryimage"},"image":{"@id":"https:\/\/fervin.si\/obiscite-nas\/#primaryimage"},"thumbnailUrl":"https:\/\/fervin.si\/wp-content\/uploads\/2023\/05\/degustacija-fervin-300x200.jpg","datePublished":"2023-05-16T21:04:35+00:00","dateModified":"2023-12-13T19:19:34+00:00","breadcrumb":{"@id":"https:\/\/fervin.si\/obiscite-nas\/#breadcrumb"},"inLanguage":"en-GB","potentialAction":[{"@type":"ReadAction","target":["https:\/\/fervin.si\/obiscite-nas\/"]}]},{"@type":"ImageObject","inLanguage":"en-GB","@id":"https:\/\/fervin.si\/obiscite-nas\/#primaryimage","url":"https:\/\/fervin.si\/wp-content\/uploads\/2023\/05\/degustacija-fervin-300x200.jpg","contentUrl":"https:\/\/fervin.si\/wp-content\/uploads\/2023\/05\/degustacija-fervin-300x200.jpg"},{"@type":"BreadcrumbList","@id":"https:\/\/fervin.si\/obiscite-nas\/#breadcrumb","itemListElement":[{"@type":"ListItem","position":1,"name":"Home","item":"https:\/\/fervin.si\/"},{"@type":"ListItem","position":2,"name":"Obi\u0161\u010dite nas"}]},{"@type":"WebSite","@id":"https:\/\/fervin.si\/#website","url":"https:\/\/fervin.si\/","name":"FERVIN","description":"V VINU SO ODTISI NA\u0160EGA DELA IN KRAJA","publisher":{"@id":"https:\/\/fervin.si\/#organization"},"potentialAction":[{"@type":"SearchAction","target":{"@type":"EntryPoint","urlTemplate":"https:\/\/fervin.si\/?s={search_term_string}"},"query-input":{"@type":"PropertyValueSpecification","valueRequired":true,"valueName":"search_term_string"}}],"inLanguage":"en-GB"},{"@type":"Organization","@id":"https:\/\/fervin.si\/#organization","name":"FERVIN","url":"https:\/\/fervin.si\/","logo":{"@type":"ImageObject","inLanguage":"en-GB","@id":"https:\/\/fervin.si\/#\/schema\/logo\/image\/","url":"https:\/\/i0.wp.com\/fervin.si\/wp-content\/uploads\/2023\/02\/FERVINpaypal.png?fit=151%2C46&ssl=1","contentUrl":"https:\/\/i0.wp.com\/fervin.si\/wp-content\/uploads\/2023\/02\/FERVINpaypal.png?fit=151%2C46&ssl=1","width":151,"height":46,"caption":"FERVIN"},"image":{"@id":"https:\/\/fervin.si\/#\/schema\/logo\/image\/"},"sameAs":["https:\/\/www.facebook.com\/posestvofervin","https:\/\/www.instagram.com\/posestvofervin\/"]}]}},"jetpack_sharing_enabled":true,"_links":{"self":[{"href":"https:\/\/fervin.si\/en\/wp-json\/wp\/v2\/pages\/1860","targetHints":{"allow":["GET"]}}],"collection":[{"href":"https:\/\/fervin.si\/en\/wp-json\/wp\/v2\/pages"}],"about":[{"href":"https:\/\/fervin.si\/en\/wp-json\/wp\/v2\/types\/page"}],"author":[{"embeddable":true,"href":"https:\/\/fervin.si\/en\/wp-json\/wp\/v2\/users\/1"}],"replies":[{"embeddable":true,"href":"https:\/\/fervin.si\/en\/wp-json\/wp\/v2\/comments?post=1860"}],"version-history":[{"count":3,"href":"https:\/\/fervin.si\/en\/wp-json\/wp\/v2\/pages\/1860\/revisions"}],"predecessor-version":[{"id":2325,"href":"https:\/\/fervin.si\/en\/wp-json\/wp\/v2\/pages\/1860\/revisions\/2325"}],"wp:attachment":[{"href":"https:\/\/fervin.si\/en\/wp-json\/wp\/v2\/media?parent=1860"}],"curies":[{"name":"wp","href":"https:\/\/api.w.org\/{rel}","templated":true}]}}