{"id":204,"date":"2023-03-07T11:49:08","date_gmt":"2023-03-07T11:49:08","guid":{"rendered":"http:\/\/fervin.eu\/kosarica\/"},"modified":"2023-07-10T11:46:23","modified_gmt":"2023-07-10T10:46:23","slug":"kosarica","status":"publish","type":"page","link":"https:\/\/fervin.si\/en\/kosarica\/","title":{"rendered":"CART"},"content":{"rendered":"<div data-elementor-type=\"wp-page\" data-elementor-id=\"204\" class=\"elementor elementor-204\">\n\t\t\t\t\t\t<section class=\"elementor-section elementor-top-section elementor-element elementor-element-bac414d elementor-section-boxed elementor-section-height-default elementor-section-height-default\" data-id=\"bac414d\" data-element_type=\"section\">\n\t\t\t\t\t\t<div class=\"elementor-container elementor-column-gap-default\">\n\t\t\t\t\t<div class=\"elementor-column elementor-col-100 elementor-top-column elementor-element elementor-element-ec89b2b\" data-id=\"ec89b2b\" data-element_type=\"column\">\n\t\t\t<div class=\"elementor-widget-wrap elementor-element-populated\">\n\t\t\t\t\t\t<div class=\"elementor-element elementor-element-c3ac5cf elementor-widget elementor-widget-text-editor\" data-id=\"c3ac5cf\" data-element_type=\"widget\" data-widget_type=\"text-editor.default\">\n\t\t\t\t<div class=\"elementor-widget-container\">\n\t\t\t\t\t\t\t\t\t<p><span style=\"color: var( --e-global-color-text ); background-color: var(--nv-site-bg); font-size: var(--bodyfontsize); letter-spacing: var(--bodyletterspacing); text-transform: var(--bodytexttransform);\">We can send packages weighing up to 30 kg. (18-21 bottles of wine per package.) <\/span><span style=\"color: var( --e-global-color-text ); background-color: var(--nv-site-bg); font-size: var(--bodyfontsize); letter-spacing: var(--bodyletterspacing); text-transform: var(--bodytexttransform);\">More information: info@fervin.si&nbsp;<\/span><\/p>\t\t\t\t\t\t\t\t<\/div>\n\t\t\t\t<\/div>\n\t\t\t\t<div class=\"elementor-element elementor-element-c006d64 elementor-widget elementor-widget-eael-woo-cart\" data-id=\"c006d64\" data-element_type=\"widget\" data-widget_type=\"eael-woo-cart.default\">\n\t\t\t\t<div class=\"elementor-widget-container\">\n\t\t\t\t\t\t\t\t\t<div class=\"eael-woo-cart-wrapper eael-woo-cart-empty eael-woo-default eael-auto-update33\">\n\t\t\t\t<div class=\"woocommerce-notices-wrapper\"><\/div><div class=\"wc-empty-cart-message\">\n\t<div class=\"cart-empty woocommerce-info\" role=\"status\">\n\t\tYour cart is currently empty.\t<\/div>\n<\/div>                <\/div>\n\t\t\t\t        <script data-jetpack-boost=\"ignore\">document.body.classList.add(\"eael-woo-cart\");<\/script>\n\t\t\t\t\t\t<\/div>\n\t\t\t\t<\/div>\n\t\t\t\t\t<\/div>\n\t\t<\/div>\n\t\t\t\t\t<\/div>\n\t\t<\/section>\n\t\t\t\t<\/div>","protected":false},"excerpt":{"rendered":"<p>Po\u0161iljamo lahko pakete z maso do najve\u010d 30 kg. (18-21 steklenic vina na paket.) Ve\u010d informacij na: info@fervin.si&nbsp; Izdelek Cena Koli\u010dina Skupaj FERVIN BRUT 16,00&euro; FERVIN BRUT koli\u010dina 16,00&euro; Coupon: Uveljavi kupon Posodobi ko\u0161arico Subtotal 16,00&euro; Dostava Po\u0161iljanje Slovenija: 10,00&euro; Osebni prevzem na Posestvu FERVIN Mo\u017enosti dostave bodo posodobljene ob zaklju\u010dku nakupa. Prera\u010dunaj po\u0161tnino Country&hellip;&nbsp;<a href=\"https:\/\/fervin.si\/en\/kosarica\/\" rel=\"bookmark\">Read More &raquo;<span class=\"screen-reader-text\">CART<\/span><\/a><\/p>","protected":false},"author":1,"featured_media":0,"parent":0,"menu_order":0,"comment_status":"closed","ping_status":"closed","template":"elementor_header_footer","meta":{"neve_meta_sidebar":"","neve_meta_container":"","neve_meta_enable_content_width":"","neve_meta_content_width":0,"neve_meta_title_alignment":"","neve_meta_author_avatar":"","neve_post_elements_order":"","neve_meta_disable_header":"","neve_meta_disable_footer":"","neve_meta_disable_title":"","footnotes":""},"class_list":["post-204","page","type-page","status-publish","hentry"],"yoast_head":"<!-- This site is optimized with the Yoast SEO plugin v26.1 - https:\/\/yoast.com\/wordpress\/plugins\/seo\/ -->\n<title>Ko\u0161arica - FERVIN<\/title>\n<meta name=\"robots\" content=\"index, follow, max-snippet:-1, max-image-preview:large, max-video-preview:-1\" \/>\n<link rel=\"canonical\" href=\"https:\/\/fervin.si\/en\/kosarica\/\" \/>\n<meta property=\"og:locale\" content=\"en_GB\" \/>\n<meta property=\"og:type\" content=\"article\" \/>\n<meta property=\"og:title\" content=\"Ko\u0161arica - FERVIN\" \/>\n<meta property=\"og:description\" content=\"Po\u0161iljamo lahko pakete z maso do najve\u010d 30 kg. (18-21 steklenic vina na paket.) Ve\u010d informacij na: info@fervin.si&nbsp; Izdelek Cena Koli\u010dina Skupaj FERVIN BRUT 16,00&euro; FERVIN BRUT koli\u010dina 16,00&euro; Coupon: Uveljavi kupon Posodobi ko\u0161arico Subtotal 16,00&euro; Dostava Po\u0161iljanje Slovenija: 10,00&euro; Osebni prevzem na Posestvu FERVIN Mo\u017enosti dostave bodo posodobljene ob zaklju\u010dku nakupa. Prera\u010dunaj po\u0161tnino Country&hellip;&nbsp;Read More &raquo;Ko\u0161arica\" \/>\n<meta property=\"og:url\" content=\"https:\/\/fervin.si\/en\/kosarica\/\" \/>\n<meta property=\"og:site_name\" content=\"FERVIN\" \/>\n<meta property=\"article:publisher\" content=\"https:\/\/www.facebook.com\/posestvofervin\" \/>\n<meta property=\"article:modified_time\" content=\"2023-07-10T10:46:23+00:00\" \/>\n<meta property=\"og:image\" content=\"https:\/\/fervin.si\/wp-content\/uploads\/2023\/04\/Fervin_Brutwebshop.jpg\" \/>\n<meta name=\"twitter:card\" content=\"summary_large_image\" \/>\n<script type=\"application\/ld+json\" class=\"yoast-schema-graph\">{\"@context\":\"https:\/\/schema.org\",\"@graph\":[{\"@type\":\"WebPage\",\"@id\":\"https:\/\/fervin.si\/kosarica\/\",\"url\":\"https:\/\/fervin.si\/kosarica\/\",\"name\":\"Ko\u0161arica - FERVIN\",\"isPartOf\":{\"@id\":\"https:\/\/fervin.si\/#website\"},\"primaryImageOfPage\":{\"@id\":\"https:\/\/fervin.si\/kosarica\/#primaryimage\"},\"image\":{\"@id\":\"https:\/\/fervin.si\/kosarica\/#primaryimage\"},\"thumbnailUrl\":\"https:\/\/fervin.si\/wp-content\/uploads\/2023\/04\/Fervin_Brutwebshop.jpg\",\"datePublished\":\"2023-03-07T11:49:08+00:00\",\"dateModified\":\"2023-07-10T10:46:23+00:00\",\"breadcrumb\":{\"@id\":\"https:\/\/fervin.si\/kosarica\/#breadcrumb\"},\"inLanguage\":\"en-GB\",\"potentialAction\":[{\"@type\":\"ReadAction\",\"target\":[\"https:\/\/fervin.si\/kosarica\/\"]}]},{\"@type\":\"ImageObject\",\"inLanguage\":\"en-GB\",\"@id\":\"https:\/\/fervin.si\/kosarica\/#primaryimage\",\"url\":\"https:\/\/fervin.si\/wp-content\/uploads\/2023\/04\/Fervin_Brutwebshop.jpg\",\"contentUrl\":\"https:\/\/fervin.si\/wp-content\/uploads\/2023\/04\/Fervin_Brutwebshop.jpg\"},{\"@type\":\"BreadcrumbList\",\"@id\":\"https:\/\/fervin.si\/kosarica\/#breadcrumb\",\"itemListElement\":[{\"@type\":\"ListItem\",\"position\":1,\"name\":\"Home\",\"item\":\"https:\/\/fervin.si\/\"},{\"@type\":\"ListItem\",\"position\":2,\"name\":\"Ko\u0161arica\"}]},{\"@type\":\"WebSite\",\"@id\":\"https:\/\/fervin.si\/#website\",\"url\":\"https:\/\/fervin.si\/\",\"name\":\"FERVIN\",\"description\":\"V VINU SO ODTISI NA\u0160EGA DELA IN KRAJA\",\"publisher\":{\"@id\":\"https:\/\/fervin.si\/#organization\"},\"potentialAction\":[{\"@type\":\"SearchAction\",\"target\":{\"@type\":\"EntryPoint\",\"urlTemplate\":\"https:\/\/fervin.si\/?s={search_term_string}\"},\"query-input\":{\"@type\":\"PropertyValueSpecification\",\"valueRequired\":true,\"valueName\":\"search_term_string\"}}],\"inLanguage\":\"en-GB\"},{\"@type\":\"Organization\",\"@id\":\"https:\/\/fervin.si\/#organization\",\"name\":\"FERVIN\",\"url\":\"https:\/\/fervin.si\/\",\"logo\":{\"@type\":\"ImageObject\",\"inLanguage\":\"en-GB\",\"@id\":\"https:\/\/fervin.si\/#\/schema\/logo\/image\/\",\"url\":\"https:\/\/i0.wp.com\/fervin.si\/wp-content\/uploads\/2023\/02\/FERVINpaypal.png?fit=151%2C46&ssl=1\",\"contentUrl\":\"https:\/\/i0.wp.com\/fervin.si\/wp-content\/uploads\/2023\/02\/FERVINpaypal.png?fit=151%2C46&ssl=1\",\"width\":151,\"height\":46,\"caption\":\"FERVIN\"},\"image\":{\"@id\":\"https:\/\/fervin.si\/#\/schema\/logo\/image\/\"},\"sameAs\":[\"https:\/\/www.facebook.com\/posestvofervin\",\"https:\/\/www.instagram.com\/posestvofervin\/\"]}]}<\/script>\n<!-- \/ Yoast SEO plugin. -->","yoast_head_json":{"title":"Ko\u0161arica - FERVIN","robots":{"index":"index","follow":"follow","max-snippet":"max-snippet:-1","max-image-preview":"max-image-preview:large","max-video-preview":"max-video-preview:-1"},"canonical":"https:\/\/fervin.si\/en\/kosarica\/","og_locale":"en_GB","og_type":"article","og_title":"Ko\u0161arica - FERVIN","og_description":"Po\u0161iljamo lahko pakete z maso do najve\u010d 30 kg. (18-21 steklenic vina na paket.) Ve\u010d informacij na: info@fervin.si&nbsp; Izdelek Cena Koli\u010dina Skupaj FERVIN BRUT 16,00&euro; FERVIN BRUT koli\u010dina 16,00&euro; Coupon: Uveljavi kupon Posodobi ko\u0161arico Subtotal 16,00&euro; Dostava Po\u0161iljanje Slovenija: 10,00&euro; Osebni prevzem na Posestvu FERVIN Mo\u017enosti dostave bodo posodobljene ob zaklju\u010dku nakupa. Prera\u010dunaj po\u0161tnino Country&hellip;&nbsp;Read More &raquo;Ko\u0161arica","og_url":"https:\/\/fervin.si\/en\/kosarica\/","og_site_name":"FERVIN","article_publisher":"https:\/\/www.facebook.com\/posestvofervin","article_modified_time":"2023-07-10T10:46:23+00:00","og_image":[{"url":"https:\/\/fervin.si\/wp-content\/uploads\/2023\/04\/Fervin_Brutwebshop.jpg","type":"","width":"","height":""}],"twitter_card":"summary_large_image","schema":{"@context":"https:\/\/schema.org","@graph":[{"@type":"WebPage","@id":"https:\/\/fervin.si\/kosarica\/","url":"https:\/\/fervin.si\/kosarica\/","name":"Ko\u0161arica - FERVIN","isPartOf":{"@id":"https:\/\/fervin.si\/#website"},"primaryImageOfPage":{"@id":"https:\/\/fervin.si\/kosarica\/#primaryimage"},"image":{"@id":"https:\/\/fervin.si\/kosarica\/#primaryimage"},"thumbnailUrl":"https:\/\/fervin.si\/wp-content\/uploads\/2023\/04\/Fervin_Brutwebshop.jpg","datePublished":"2023-03-07T11:49:08+00:00","dateModified":"2023-07-10T10:46:23+00:00","breadcrumb":{"@id":"https:\/\/fervin.si\/kosarica\/#breadcrumb"},"inLanguage":"en-GB","potentialAction":[{"@type":"ReadAction","target":["https:\/\/fervin.si\/kosarica\/"]}]},{"@type":"ImageObject","inLanguage":"en-GB","@id":"https:\/\/fervin.si\/kosarica\/#primaryimage","url":"https:\/\/fervin.si\/wp-content\/uploads\/2023\/04\/Fervin_Brutwebshop.jpg","contentUrl":"https:\/\/fervin.si\/wp-content\/uploads\/2023\/04\/Fervin_Brutwebshop.jpg"},{"@type":"BreadcrumbList","@id":"https:\/\/fervin.si\/kosarica\/#breadcrumb","itemListElement":[{"@type":"ListItem","position":1,"name":"Home","item":"https:\/\/fervin.si\/"},{"@type":"ListItem","position":2,"name":"Ko\u0161arica"}]},{"@type":"WebSite","@id":"https:\/\/fervin.si\/#website","url":"https:\/\/fervin.si\/","name":"FERVIN","description":"V VINU SO ODTISI NA\u0160EGA DELA IN KRAJA","publisher":{"@id":"https:\/\/fervin.si\/#organization"},"potentialAction":[{"@type":"SearchAction","target":{"@type":"EntryPoint","urlTemplate":"https:\/\/fervin.si\/?s={search_term_string}"},"query-input":{"@type":"PropertyValueSpecification","valueRequired":true,"valueName":"search_term_string"}}],"inLanguage":"en-GB"},{"@type":"Organization","@id":"https:\/\/fervin.si\/#organization","name":"FERVIN","url":"https:\/\/fervin.si\/","logo":{"@type":"ImageObject","inLanguage":"en-GB","@id":"https:\/\/fervin.si\/#\/schema\/logo\/image\/","url":"https:\/\/i0.wp.com\/fervin.si\/wp-content\/uploads\/2023\/02\/FERVINpaypal.png?fit=151%2C46&ssl=1","contentUrl":"https:\/\/i0.wp.com\/fervin.si\/wp-content\/uploads\/2023\/02\/FERVINpaypal.png?fit=151%2C46&ssl=1","width":151,"height":46,"caption":"FERVIN"},"image":{"@id":"https:\/\/fervin.si\/#\/schema\/logo\/image\/"},"sameAs":["https:\/\/www.facebook.com\/posestvofervin","https:\/\/www.instagram.com\/posestvofervin\/"]}]}},"jetpack_sharing_enabled":true,"_links":{"self":[{"href":"https:\/\/fervin.si\/en\/wp-json\/wp\/v2\/pages\/204","targetHints":{"allow":["GET"]}}],"collection":[{"href":"https:\/\/fervin.si\/en\/wp-json\/wp\/v2\/pages"}],"about":[{"href":"https:\/\/fervin.si\/en\/wp-json\/wp\/v2\/types\/page"}],"author":[{"embeddable":true,"href":"https:\/\/fervin.si\/en\/wp-json\/wp\/v2\/users\/1"}],"replies":[{"embeddable":true,"href":"https:\/\/fervin.si\/en\/wp-json\/wp\/v2\/comments?post=204"}],"version-history":[{"count":0,"href":"https:\/\/fervin.si\/en\/wp-json\/wp\/v2\/pages\/204\/revisions"}],"wp:attachment":[{"href":"https:\/\/fervin.si\/en\/wp-json\/wp\/v2\/media?parent=204"}],"curies":[{"name":"wp","href":"https:\/\/api.w.org\/{rel}","templated":true}]}}