{"id":2141,"date":"2023-05-18T14:36:34","date_gmt":"2023-05-18T13:36:34","guid":{"rendered":"https:\/\/fervin.si\/?page_id=2141"},"modified":"2023-11-16T11:52:55","modified_gmt":"2023-11-16T10:52:55","slug":"mediji","status":"publish","type":"page","link":"https:\/\/fervin.si\/en\/mediji\/","title":{"rendered":"V medijih"},"content":{"rendered":"<div data-elementor-type=\"wp-page\" data-elementor-id=\"2141\" class=\"elementor elementor-2141\">\n\t\t\t\t\t\t<section class=\"elementor-section elementor-top-section elementor-element elementor-element-3e04e15 elementor-section-full_width elementor-section-height-min-height elementor-section-items-top elementor-section-height-default\" data-id=\"3e04e15\" data-element_type=\"section\" data-settings=\"{&quot;background_background&quot;:&quot;classic&quot;}\">\n\t\t\t\t\t\t<div class=\"elementor-container elementor-column-gap-default\">\n\t\t\t\t\t<div class=\"elementor-column elementor-col-100 elementor-top-column elementor-element elementor-element-a84a77e\" data-id=\"a84a77e\" data-element_type=\"column\">\n\t\t\t<div class=\"elementor-widget-wrap elementor-element-populated\">\n\t\t\t\t\t\t<section class=\"elementor-section elementor-inner-section elementor-element elementor-element-e469ace elementor-section-boxed elementor-section-height-default elementor-section-height-default\" data-id=\"e469ace\" data-element_type=\"section\">\n\t\t\t\t\t\t<div class=\"elementor-container elementor-column-gap-default\">\n\t\t\t\t\t<div class=\"elementor-column elementor-col-100 elementor-inner-column elementor-element elementor-element-106a22b\" data-id=\"106a22b\" data-element_type=\"column\">\n\t\t\t<div class=\"elementor-widget-wrap elementor-element-populated\">\n\t\t\t\t\t\t<div class=\"elementor-element elementor-element-b40dc88 elementor-widget elementor-widget-heading\" data-id=\"b40dc88\" data-element_type=\"widget\" data-widget_type=\"heading.default\">\n\t\t\t\t<div class=\"elementor-widget-container\">\n\t\t\t\t\t<h2 class=\"elementor-heading-title elementor-size-default\">IN THE MEDIA<\/h2>\t\t\t\t<\/div>\n\t\t\t\t<\/div>\n\t\t\t\t\t<\/div>\n\t\t<\/div>\n\t\t\t\t\t<\/div>\n\t\t<\/section>\n\t\t\t\t<section class=\"elementor-section elementor-inner-section elementor-element elementor-element-5442ebe elementor-section-height-min-height animated-slow elementor-section-full_width elementor-section-height-default elementor-invisible\" data-id=\"5442ebe\" data-element_type=\"section\" data-settings=\"{&quot;animation&quot;:&quot;fadeInUp&quot;}\">\n\t\t\t\t\t\t<div class=\"elementor-container elementor-column-gap-default\">\n\t\t\t\t\t<div class=\"elementor-column elementor-col-25 elementor-inner-column elementor-element elementor-element-b693016\" data-id=\"b693016\" data-element_type=\"column\">\n\t\t\t<div class=\"elementor-widget-wrap elementor-element-populated\">\n\t\t\t\t\t\t<div class=\"elementor-element elementor-element-c0e086c elementor-position-top elementor-widget elementor-widget-image-box\" data-id=\"c0e086c\" data-element_type=\"widget\" data-widget_type=\"image-box.default\">\n\t\t\t\t<div class=\"elementor-widget-container\">\n\t\t\t\t\t<div class=\"elementor-image-box-wrapper\"><figure class=\"elementor-image-box-img\"><a href=\"https:\/\/www.ovinu.si\/novice\/vinski-vodnik-2023-vipavska-dolina\/a\/2220?src=XNASLZAD?src=XNASLZAD&#038;src=undefined\" target=\"_blank\" tabindex=\"-1\"><img decoding=\"async\" src=\"https:\/\/i0.wp.com\/fervin.si\/wp-content\/uploads\/2023\/11\/vipavska-dolina-2019-003-jm-653f7fccefd5f.jpg.cut_.c-653f7fd0a91a0.jpg.840px.jpg?fit=320%2C180&#038;ssl=1\" title=\"vipavska-dolina-2019-003-jm-653f7fccefd5f.jpg.cut.c-653f7fd0a91a0.jpg.840px\" alt=\"vipavska-dolina-2019-003-jm-653f7fccefd5f.jpg.cut.c-653f7fd0a91a0.jpg.840px\" loading=\"lazy\" \/><\/a><\/figure><div class=\"elementor-image-box-content\"><h3 class=\"elementor-image-box-title\"><a href=\"https:\/\/www.ovinu.si\/novice\/vinski-vodnik-2023-vipavska-dolina\/a\/2220?src=XNASLZAD?src=XNASLZAD&#038;src=undefined\" target=\"_blank\">Vinski vodnik 2023: Vipavska dolina<\/a><\/h3><p class=\"elementor-image-box-description\">O vinu 16.11.2023 Robert Gorjak  <\/p><\/div><\/div>\t\t\t\t<\/div>\n\t\t\t\t<\/div>\n\t\t\t\t\t<\/div>\n\t\t<\/div>\n\t\t\t\t<div class=\"elementor-column elementor-col-25 elementor-inner-column elementor-element elementor-element-827c331\" data-id=\"827c331\" data-element_type=\"column\">\n\t\t\t<div class=\"elementor-widget-wrap elementor-element-populated\">\n\t\t\t\t\t\t<div class=\"elementor-element elementor-element-f1827cf elementor-position-top elementor-widget elementor-widget-image-box\" data-id=\"f1827cf\" data-element_type=\"widget\" data-widget_type=\"image-box.default\">\n\t\t\t\t<div class=\"elementor-widget-container\">\n\t\t\t\t\t<div class=\"elementor-image-box-wrapper\"><figure class=\"elementor-image-box-img\"><a href=\"https:\/\/www.ovinu.si\/1694\/Vinar-tedna-Matic-Ferjancic-%28Fervin%29\" target=\"_blank\" tabindex=\"-1\"><img decoding=\"async\" src=\"https:\/\/i0.wp.com\/fervin.si\/wp-content\/uploads\/2023\/05\/fervin-ferjancic-matic-026-jm-61d309ac5db3c.jpg.cut_.c-61d309ae0970b.jpg.720px.jpg?fit=320%2C180&#038;ssl=1\" title=\"fervin-ferjancic-matic-026-jm-61d309ac5db3c.jpg.cut.c-61d309ae0970b.jpg.720px\" alt=\"fervin-ferjancic-matic-026-jm-61d309ac5db3c.jpg.cut.c-61d309ae0970b.jpg.720px\" loading=\"lazy\" \/><\/a><\/figure><div class=\"elementor-image-box-content\"><h3 class=\"elementor-image-box-title\"><a href=\"https:\/\/www.ovinu.si\/1694\/Vinar-tedna-Matic-Ferjancic-%28Fervin%29\" target=\"_blank\">Vinar tedna: Matic Ferjan\u010di\u010d (Fervin)<\/a><\/h3><p class=\"elementor-image-box-description\">O vinu 5.1.2022 Vanja Ali\u010d  <\/p><\/div><\/div>\t\t\t\t<\/div>\n\t\t\t\t<\/div>\n\t\t\t\t\t<\/div>\n\t\t<\/div>\n\t\t\t\t<div class=\"elementor-column elementor-col-25 elementor-inner-column elementor-element elementor-element-2558758\" data-id=\"2558758\" data-element_type=\"column\">\n\t\t\t<div class=\"elementor-widget-wrap elementor-element-populated\">\n\t\t\t\t\t\t<div class=\"elementor-element elementor-element-1dd566d elementor-position-top elementor-widget elementor-widget-image-box\" data-id=\"1dd566d\" data-element_type=\"widget\" data-widget_type=\"image-box.default\">\n\t\t\t\t<div class=\"elementor-widget-container\">\n\t\t\t\t\t<div class=\"elementor-image-box-wrapper\"><figure class=\"elementor-image-box-img\"><a href=\"https:\/\/www.ovinu.si\/1372\/Vinski-vodnik-2020-Vipavska-dolina\" target=\"_blank\" tabindex=\"-1\"><img decoding=\"async\" src=\"https:\/\/i0.wp.com\/fervin.si\/wp-content\/uploads\/2023\/03\/vipavska-dolina-2019-003-jm-5da487e2c45dc-5da487e2d65ed.jpg.cut_.n-5da487e71e245.jpg.720px.jpg?fit=320%2C180&#038;ssl=1\" title=\"vipavska-dolina-2019-003-jm-5da487e2c45dc-5da487e2d65ed.jpg.cut_.n-5da487e71e245.jpg.720px.jpg\" alt=\"vipavska-dolina-2019-003-jm-5da487e2c45dc-5da487e2d65ed.jpg.cut_.n-5da487e71e245.jpg.720px.jpg\" loading=\"lazy\" \/><\/a><\/figure><div class=\"elementor-image-box-content\"><h3 class=\"elementor-image-box-title\"><a href=\"https:\/\/www.ovinu.si\/1372\/Vinski-vodnik-2020-Vipavska-dolina\" target=\"_blank\">Vinski vodnik 2020: Vipavska dolina<\/a><\/h3><p class=\"elementor-image-box-description\">O vinu 12.11.2020 Robert Gorjak<\/p><\/div><\/div>\t\t\t\t<\/div>\n\t\t\t\t<\/div>\n\t\t\t\t\t<\/div>\n\t\t<\/div>\n\t\t\t\t<div class=\"elementor-column elementor-col-25 elementor-inner-column elementor-element elementor-element-e3c901b\" data-id=\"e3c901b\" data-element_type=\"column\">\n\t\t\t<div class=\"elementor-widget-wrap elementor-element-populated\">\n\t\t\t\t\t\t<div class=\"elementor-element elementor-element-bd24e08 elementor-position-top elementor-widget elementor-widget-image-box\" data-id=\"bd24e08\" data-element_type=\"widget\" data-widget_type=\"image-box.default\">\n\t\t\t\t<div class=\"elementor-widget-container\">\n\t\t\t\t\t<div class=\"elementor-image-box-wrapper\"><figure class=\"elementor-image-box-img\"><a href=\"https:\/\/www.ovinu.si\/vinar\/237\" target=\"_blank\" tabindex=\"-1\"><img decoding=\"async\" src=\"https:\/\/i0.wp.com\/fervin.si\/wp-content\/uploads\/2023\/03\/druzina-ferjancic-fervin-5f77001940b4f-5f77001942388.jpg.cut_.n-5f77001ab1514.jpg.1200px.jpg?fit=320%2C180&#038;ssl=1\" title=\"druzina-ferjancic-fervin-5f77001940b4f-5f77001942388.jpg.cut_.n-5f77001ab1514.jpg.1200px.jpg\" alt=\"druzina-ferjancic-fervin-5f77001940b4f-5f77001942388.jpg.cut_.n-5f77001ab1514.jpg.1200px.jpg\" loading=\"lazy\" \/><\/a><\/figure><div class=\"elementor-image-box-content\"><h3 class=\"elementor-image-box-title\"><a href=\"https:\/\/www.ovinu.si\/vinar\/237\" target=\"_blank\">Vina FERVIN v Vinskem vodniku 2020<\/a><\/h3><p class=\"elementor-image-box-description\">O vinu<\/p><\/div><\/div>\t\t\t\t<\/div>\n\t\t\t\t<\/div>\n\t\t\t\t\t<\/div>\n\t\t<\/div>\n\t\t\t\t\t<\/div>\n\t\t<\/section>\n\t\t\t\t<section class=\"elementor-section elementor-inner-section elementor-element elementor-element-86b0eac elementor-section-height-min-height animated-slow elementor-section-full_width elementor-section-height-default elementor-invisible\" data-id=\"86b0eac\" data-element_type=\"section\" data-settings=\"{&quot;animation&quot;:&quot;fadeInUp&quot;}\">\n\t\t\t\t\t\t<div class=\"elementor-container elementor-column-gap-default\">\n\t\t\t\t\t<div class=\"elementor-column elementor-col-25 elementor-inner-column elementor-element elementor-element-7574be5\" data-id=\"7574be5\" data-element_type=\"column\">\n\t\t\t<div class=\"elementor-widget-wrap elementor-element-populated\">\n\t\t\t\t\t\t<div class=\"elementor-element elementor-element-afb59cc elementor-position-top elementor-widget elementor-widget-image-box\" data-id=\"afb59cc\" data-element_type=\"widget\" data-widget_type=\"image-box.default\">\n\t\t\t\t<div class=\"elementor-widget-container\">\n\t\t\t\t\t<div class=\"elementor-image-box-wrapper\"><figure class=\"elementor-image-box-img\"><a href=\"https:\/\/www.ovinu.si\/1325\/V-Compi-smo-preizkusili-12-najvecjih-presenecenj-iz-novega-vinskega-vodnika\" target=\"_blank\" tabindex=\"-1\"><img decoding=\"async\" src=\"https:\/\/i0.wp.com\/fervin.si\/wp-content\/uploads\/2023\/03\/compa-vinski-vecer-039-jm-5f6376e70960a-5f6376e70c51e.jpg.720px.jpg?fit=320%2C180&#038;ssl=1\" title=\"compa-vinski-vecer-039-jm-5f6376e70960a-5f6376e70c51e.jpg.720px.jpg\" alt=\"compa-vinski-vecer-039-jm-5f6376e70960a-5f6376e70c51e.jpg.720px.jpg\" loading=\"lazy\" \/><\/a><\/figure><div class=\"elementor-image-box-content\"><h3 class=\"elementor-image-box-title\"><a href=\"https:\/\/www.ovinu.si\/1325\/V-Compi-smo-preizkusili-12-najvecjih-presenecenj-iz-novega-vinskega-vodnika\" target=\"_blank\">Pregled dogajanja na predstavitvi najve\u010djih presene\u010denj Vinskega vodnika 2020<\/a><\/h3><p class=\"elementor-image-box-description\">O vinu 18.9.2020  <\/p><\/div><\/div>\t\t\t\t<\/div>\n\t\t\t\t<\/div>\n\t\t\t\t\t<\/div>\n\t\t<\/div>\n\t\t\t\t<div class=\"elementor-column elementor-col-25 elementor-inner-column elementor-element elementor-element-83569eb\" data-id=\"83569eb\" data-element_type=\"column\">\n\t\t\t<div class=\"elementor-widget-wrap elementor-element-populated\">\n\t\t\t\t\t\t<div class=\"elementor-element elementor-element-c3cdfbd elementor-position-top elementor-widget elementor-widget-image-box\" data-id=\"c3cdfbd\" data-element_type=\"widget\" data-widget_type=\"image-box.default\">\n\t\t\t\t<div class=\"elementor-widget-container\">\n\t\t\t\t\t<div class=\"elementor-image-box-wrapper\"><figure class=\"elementor-image-box-img\"><a href=\"https:\/\/www.ovinu.si\/1302\/Mnogoboj-v-Compi-12-presenecenj-iz-novega-vinskega-vodnika?src=XNASLZAD\" target=\"_blank\" tabindex=\"-1\"><img decoding=\"async\" src=\"https:\/\/i0.wp.com\/fervin.si\/wp-content\/uploads\/2023\/02\/rose-fervin.jpg?fit=320%2C180&#038;ssl=1\" title=\"rose-fervin.jpg\" alt=\"rose-fervin.jpg\" loading=\"lazy\" \/><\/a><\/figure><div class=\"elementor-image-box-content\"><h3 class=\"elementor-image-box-title\"><a href=\"https:\/\/www.ovinu.si\/1302\/Mnogoboj-v-Compi-12-presenecenj-iz-novega-vinskega-vodnika?src=XNASLZAD\" target=\"_blank\">Rose FERVIN izbran med 12 najve\u010djih presene\u010denj Vinskega vodnika 2020<\/a><\/h3><p class=\"elementor-image-box-description\">O vinu 19.8.2020  <\/p><\/div><\/div>\t\t\t\t<\/div>\n\t\t\t\t<\/div>\n\t\t\t\t\t<\/div>\n\t\t<\/div>\n\t\t\t\t<div class=\"elementor-column elementor-col-25 elementor-inner-column elementor-element elementor-element-d273e4c\" data-id=\"d273e4c\" data-element_type=\"column\">\n\t\t\t<div class=\"elementor-widget-wrap elementor-element-populated\">\n\t\t\t\t\t\t<div class=\"elementor-element elementor-element-650ebc7 elementor-position-top elementor-widget elementor-widget-image-box\" data-id=\"650ebc7\" data-element_type=\"widget\" data-widget_type=\"image-box.default\">\n\t\t\t\t<div class=\"elementor-widget-container\">\n\t\t\t\t\t<div class=\"elementor-image-box-wrapper\"><figure class=\"elementor-image-box-img\"><a href=\"https:\/\/revija-vino.si\/fervin-rose-2019\/\" target=\"_blank\" tabindex=\"-1\"><img decoding=\"async\" src=\"https:\/\/i0.wp.com\/fervin.si\/wp-content\/uploads\/2023\/02\/Fervin-Rose-4950-1080-podpis-810x540-1.jpg?fit=320%2C180&#038;ssl=1\" title=\"Fervin-Rose-4950-1080-podpis-810&#215;540-1.jpg\" alt=\"Fervin-Rose-4950-1080-podpis-810x540-1.jpg\" loading=\"lazy\" \/><\/a><\/figure><div class=\"elementor-image-box-content\"><h3 class=\"elementor-image-box-title\"><a href=\"https:\/\/revija-vino.si\/fervin-rose-2019\/\" target=\"_blank\">Prazna fla\u0161a: FERVIN Ros\u00e9 2019<\/a><\/h3><p class=\"elementor-image-box-description\">Revija Vino 4.8.2020 Marjan Mo\u010divnik  <\/p><\/div><\/div>\t\t\t\t<\/div>\n\t\t\t\t<\/div>\n\t\t\t\t\t<\/div>\n\t\t<\/div>\n\t\t\t\t<div class=\"elementor-column elementor-col-25 elementor-inner-column elementor-element elementor-element-ed63856\" data-id=\"ed63856\" data-element_type=\"column\">\n\t\t\t<div class=\"elementor-widget-wrap\">\n\t\t\t\t\t\t\t<\/div>\n\t\t<\/div>\n\t\t\t\t\t<\/div>\n\t\t<\/section>\n\t\t\t\t\t<\/div>\n\t\t<\/div>\n\t\t\t\t\t<\/div>\n\t\t<\/section>\n\t\t\t\t<\/div>","protected":false},"excerpt":{"rendered":"<p>V MEDIJIH Vinski vodnik 2023: Vipavska dolina O vinu 16.11.2023 Robert Gorjak Vinar tedna: Matic Ferjan\u010di\u010d (Fervin) O vinu 5.1.2022 Vanja Ali\u010d Vinski vodnik 2020: Vipavska dolina O vinu 12.11.2020 Robert Gorjak Vina FERVIN v Vinskem vodniku 2020 O vinu Pregled dogajanja na predstavitvi najve\u010djih presene\u010denj Vinskega vodnika 2020 O vinu 18.9.2020 Rose FERVIN izbran&hellip;&nbsp;<a href=\"https:\/\/fervin.si\/en\/mediji\/\" rel=\"bookmark\">Read More &raquo;<span class=\"screen-reader-text\">V medijih<\/span><\/a><\/p>","protected":false},"author":1,"featured_media":0,"parent":0,"menu_order":0,"comment_status":"closed","ping_status":"closed","template":"elementor_header_footer","meta":{"neve_meta_sidebar":"","neve_meta_container":"","neve_meta_enable_content_width":"","neve_meta_content_width":0,"neve_meta_title_alignment":"","neve_meta_author_avatar":"","neve_post_elements_order":"","neve_meta_disable_header":"","neve_meta_disable_footer":"","neve_meta_disable_title":"","footnotes":""},"class_list":["post-2141","page","type-page","status-publish","hentry"],"yoast_head":"<!-- This site is optimized with the Yoast SEO plugin v26.1 - https:\/\/yoast.com\/wordpress\/plugins\/seo\/ -->\n<title>V medijih - FERVIN<\/title>\n<meta name=\"robots\" content=\"index, follow, max-snippet:-1, max-image-preview:large, max-video-preview:-1\" \/>\n<link rel=\"canonical\" href=\"https:\/\/fervin.si\/en\/mediji\/\" \/>\n<meta property=\"og:locale\" content=\"en_GB\" \/>\n<meta property=\"og:type\" content=\"article\" \/>\n<meta property=\"og:title\" content=\"V medijih - FERVIN\" \/>\n<meta property=\"og:description\" content=\"V MEDIJIH Vinski vodnik 2023: Vipavska dolina O vinu 16.11.2023 Robert Gorjak Vinar tedna: Matic Ferjan\u010di\u010d (Fervin) O vinu 5.1.2022 Vanja Ali\u010d Vinski vodnik 2020: Vipavska dolina O vinu 12.11.2020 Robert Gorjak Vina FERVIN v Vinskem vodniku 2020 O vinu Pregled dogajanja na predstavitvi najve\u010djih presene\u010denj Vinskega vodnika 2020 O vinu 18.9.2020 Rose FERVIN izbran&hellip;&nbsp;Read More &raquo;V medijih\" \/>\n<meta property=\"og:url\" content=\"https:\/\/fervin.si\/en\/mediji\/\" \/>\n<meta property=\"og:site_name\" content=\"FERVIN\" \/>\n<meta property=\"article:publisher\" content=\"https:\/\/www.facebook.com\/posestvofervin\" \/>\n<meta property=\"article:modified_time\" content=\"2023-11-16T10:52:55+00:00\" \/>\n<meta property=\"og:image\" content=\"https:\/\/fervin.si\/wp-content\/uploads\/elementor\/thumbs\/vipavska-dolina-2019-003-jm-653f7fccefd5f.cut_.c-653f7fd0a91a0.840px-qffus1e4byqmy7rhtyj4s2kl9g4vnrv7bgj5gdtzpk.jpg\" \/>\n<meta name=\"twitter:card\" content=\"summary_large_image\" \/>\n<meta name=\"twitter:label1\" content=\"Estimated reading time\" \/>\n\t<meta name=\"twitter:data1\" content=\"2 minutes\" \/>\n<script type=\"application\/ld+json\" class=\"yoast-schema-graph\">{\"@context\":\"https:\/\/schema.org\",\"@graph\":[{\"@type\":\"WebPage\",\"@id\":\"https:\/\/fervin.si\/mediji\/\",\"url\":\"https:\/\/fervin.si\/mediji\/\",\"name\":\"V medijih - FERVIN\",\"isPartOf\":{\"@id\":\"https:\/\/fervin.si\/#website\"},\"primaryImageOfPage\":{\"@id\":\"https:\/\/fervin.si\/mediji\/#primaryimage\"},\"image\":{\"@id\":\"https:\/\/fervin.si\/mediji\/#primaryimage\"},\"thumbnailUrl\":\"https:\/\/fervin.si\/wp-content\/uploads\/elementor\/thumbs\/vipavska-dolina-2019-003-jm-653f7fccefd5f.cut_.c-653f7fd0a91a0.840px-qffus1e4byqmy7rhtyj4s2kl9g4vnrv7bgj5gdtzpk.jpg\",\"datePublished\":\"2023-05-18T13:36:34+00:00\",\"dateModified\":\"2023-11-16T10:52:55+00:00\",\"breadcrumb\":{\"@id\":\"https:\/\/fervin.si\/mediji\/#breadcrumb\"},\"inLanguage\":\"en-GB\",\"potentialAction\":[{\"@type\":\"ReadAction\",\"target\":[\"https:\/\/fervin.si\/mediji\/\"]}]},{\"@type\":\"ImageObject\",\"inLanguage\":\"en-GB\",\"@id\":\"https:\/\/fervin.si\/mediji\/#primaryimage\",\"url\":\"https:\/\/fervin.si\/wp-content\/uploads\/elementor\/thumbs\/vipavska-dolina-2019-003-jm-653f7fccefd5f.cut_.c-653f7fd0a91a0.840px-qffus1e4byqmy7rhtyj4s2kl9g4vnrv7bgj5gdtzpk.jpg\",\"contentUrl\":\"https:\/\/fervin.si\/wp-content\/uploads\/elementor\/thumbs\/vipavska-dolina-2019-003-jm-653f7fccefd5f.cut_.c-653f7fd0a91a0.840px-qffus1e4byqmy7rhtyj4s2kl9g4vnrv7bgj5gdtzpk.jpg\"},{\"@type\":\"BreadcrumbList\",\"@id\":\"https:\/\/fervin.si\/mediji\/#breadcrumb\",\"itemListElement\":[{\"@type\":\"ListItem\",\"position\":1,\"name\":\"Home\",\"item\":\"https:\/\/fervin.si\/\"},{\"@type\":\"ListItem\",\"position\":2,\"name\":\"V medijih\"}]},{\"@type\":\"WebSite\",\"@id\":\"https:\/\/fervin.si\/#website\",\"url\":\"https:\/\/fervin.si\/\",\"name\":\"FERVIN\",\"description\":\"V VINU SO ODTISI NA\u0160EGA DELA IN KRAJA\",\"publisher\":{\"@id\":\"https:\/\/fervin.si\/#organization\"},\"potentialAction\":[{\"@type\":\"SearchAction\",\"target\":{\"@type\":\"EntryPoint\",\"urlTemplate\":\"https:\/\/fervin.si\/?s={search_term_string}\"},\"query-input\":{\"@type\":\"PropertyValueSpecification\",\"valueRequired\":true,\"valueName\":\"search_term_string\"}}],\"inLanguage\":\"en-GB\"},{\"@type\":\"Organization\",\"@id\":\"https:\/\/fervin.si\/#organization\",\"name\":\"FERVIN\",\"url\":\"https:\/\/fervin.si\/\",\"logo\":{\"@type\":\"ImageObject\",\"inLanguage\":\"en-GB\",\"@id\":\"https:\/\/fervin.si\/#\/schema\/logo\/image\/\",\"url\":\"https:\/\/i0.wp.com\/fervin.si\/wp-content\/uploads\/2023\/02\/FERVINpaypal.png?fit=151%2C46&ssl=1\",\"contentUrl\":\"https:\/\/i0.wp.com\/fervin.si\/wp-content\/uploads\/2023\/02\/FERVINpaypal.png?fit=151%2C46&ssl=1\",\"width\":151,\"height\":46,\"caption\":\"FERVIN\"},\"image\":{\"@id\":\"https:\/\/fervin.si\/#\/schema\/logo\/image\/\"},\"sameAs\":[\"https:\/\/www.facebook.com\/posestvofervin\",\"https:\/\/www.instagram.com\/posestvofervin\/\"]}]}<\/script>\n<!-- \/ Yoast SEO plugin. -->","yoast_head_json":{"title":"V medijih - FERVIN","robots":{"index":"index","follow":"follow","max-snippet":"max-snippet:-1","max-image-preview":"max-image-preview:large","max-video-preview":"max-video-preview:-1"},"canonical":"https:\/\/fervin.si\/en\/mediji\/","og_locale":"en_GB","og_type":"article","og_title":"V medijih - FERVIN","og_description":"V MEDIJIH Vinski vodnik 2023: Vipavska dolina O vinu 16.11.2023 Robert Gorjak Vinar tedna: Matic Ferjan\u010di\u010d (Fervin) O vinu 5.1.2022 Vanja Ali\u010d Vinski vodnik 2020: Vipavska dolina O vinu 12.11.2020 Robert Gorjak Vina FERVIN v Vinskem vodniku 2020 O vinu Pregled dogajanja na predstavitvi najve\u010djih presene\u010denj Vinskega vodnika 2020 O vinu 18.9.2020 Rose FERVIN izbran&hellip;&nbsp;Read More &raquo;V medijih","og_url":"https:\/\/fervin.si\/en\/mediji\/","og_site_name":"FERVIN","article_publisher":"https:\/\/www.facebook.com\/posestvofervin","article_modified_time":"2023-11-16T10:52:55+00:00","og_image":[{"url":"https:\/\/fervin.si\/wp-content\/uploads\/elementor\/thumbs\/vipavska-dolina-2019-003-jm-653f7fccefd5f.cut_.c-653f7fd0a91a0.840px-qffus1e4byqmy7rhtyj4s2kl9g4vnrv7bgj5gdtzpk.jpg","type":"","width":"","height":""}],"twitter_card":"summary_large_image","twitter_misc":{"Estimated reading time":"2 minutes"},"schema":{"@context":"https:\/\/schema.org","@graph":[{"@type":"WebPage","@id":"https:\/\/fervin.si\/mediji\/","url":"https:\/\/fervin.si\/mediji\/","name":"V medijih - FERVIN","isPartOf":{"@id":"https:\/\/fervin.si\/#website"},"primaryImageOfPage":{"@id":"https:\/\/fervin.si\/mediji\/#primaryimage"},"image":{"@id":"https:\/\/fervin.si\/mediji\/#primaryimage"},"thumbnailUrl":"https:\/\/fervin.si\/wp-content\/uploads\/elementor\/thumbs\/vipavska-dolina-2019-003-jm-653f7fccefd5f.cut_.c-653f7fd0a91a0.840px-qffus1e4byqmy7rhtyj4s2kl9g4vnrv7bgj5gdtzpk.jpg","datePublished":"2023-05-18T13:36:34+00:00","dateModified":"2023-11-16T10:52:55+00:00","breadcrumb":{"@id":"https:\/\/fervin.si\/mediji\/#breadcrumb"},"inLanguage":"en-GB","potentialAction":[{"@type":"ReadAction","target":["https:\/\/fervin.si\/mediji\/"]}]},{"@type":"ImageObject","inLanguage":"en-GB","@id":"https:\/\/fervin.si\/mediji\/#primaryimage","url":"https:\/\/fervin.si\/wp-content\/uploads\/elementor\/thumbs\/vipavska-dolina-2019-003-jm-653f7fccefd5f.cut_.c-653f7fd0a91a0.840px-qffus1e4byqmy7rhtyj4s2kl9g4vnrv7bgj5gdtzpk.jpg","contentUrl":"https:\/\/fervin.si\/wp-content\/uploads\/elementor\/thumbs\/vipavska-dolina-2019-003-jm-653f7fccefd5f.cut_.c-653f7fd0a91a0.840px-qffus1e4byqmy7rhtyj4s2kl9g4vnrv7bgj5gdtzpk.jpg"},{"@type":"BreadcrumbList","@id":"https:\/\/fervin.si\/mediji\/#breadcrumb","itemListElement":[{"@type":"ListItem","position":1,"name":"Home","item":"https:\/\/fervin.si\/"},{"@type":"ListItem","position":2,"name":"V medijih"}]},{"@type":"WebSite","@id":"https:\/\/fervin.si\/#website","url":"https:\/\/fervin.si\/","name":"FERVIN","description":"V VINU SO ODTISI NA\u0160EGA DELA IN KRAJA","publisher":{"@id":"https:\/\/fervin.si\/#organization"},"potentialAction":[{"@type":"SearchAction","target":{"@type":"EntryPoint","urlTemplate":"https:\/\/fervin.si\/?s={search_term_string}"},"query-input":{"@type":"PropertyValueSpecification","valueRequired":true,"valueName":"search_term_string"}}],"inLanguage":"en-GB"},{"@type":"Organization","@id":"https:\/\/fervin.si\/#organization","name":"FERVIN","url":"https:\/\/fervin.si\/","logo":{"@type":"ImageObject","inLanguage":"en-GB","@id":"https:\/\/fervin.si\/#\/schema\/logo\/image\/","url":"https:\/\/i0.wp.com\/fervin.si\/wp-content\/uploads\/2023\/02\/FERVINpaypal.png?fit=151%2C46&ssl=1","contentUrl":"https:\/\/i0.wp.com\/fervin.si\/wp-content\/uploads\/2023\/02\/FERVINpaypal.png?fit=151%2C46&ssl=1","width":151,"height":46,"caption":"FERVIN"},"image":{"@id":"https:\/\/fervin.si\/#\/schema\/logo\/image\/"},"sameAs":["https:\/\/www.facebook.com\/posestvofervin","https:\/\/www.instagram.com\/posestvofervin\/"]}]}},"jetpack_sharing_enabled":true,"_links":{"self":[{"href":"https:\/\/fervin.si\/en\/wp-json\/wp\/v2\/pages\/2141","targetHints":{"allow":["GET"]}}],"collection":[{"href":"https:\/\/fervin.si\/en\/wp-json\/wp\/v2\/pages"}],"about":[{"href":"https:\/\/fervin.si\/en\/wp-json\/wp\/v2\/types\/page"}],"author":[{"embeddable":true,"href":"https:\/\/fervin.si\/en\/wp-json\/wp\/v2\/users\/1"}],"replies":[{"embeddable":true,"href":"https:\/\/fervin.si\/en\/wp-json\/wp\/v2\/comments?post=2141"}],"version-history":[{"count":3,"href":"https:\/\/fervin.si\/en\/wp-json\/wp\/v2\/pages\/2141\/revisions"}],"predecessor-version":[{"id":2319,"href":"https:\/\/fervin.si\/en\/wp-json\/wp\/v2\/pages\/2141\/revisions\/2319"}],"wp:attachment":[{"href":"https:\/\/fervin.si\/en\/wp-json\/wp\/v2\/media?parent=2141"}],"curies":[{"name":"wp","href":"https:\/\/api.w.org\/{rel}","templated":true}]}}