{"id":1223,"date":"2023-03-16T21:52:57","date_gmt":"2023-03-16T20:52:57","guid":{"rendered":"http:\/\/fervin.eu\/izdelek\/hoodie-with-logo-2\/"},"modified":"2023-12-13T20:10:47","modified_gmt":"2023-12-13T19:10:47","slug":"fervin-malvazija","status":"publish","type":"product","link":"https:\/\/fervin.si\/en\/trgovina\/fervin-malvazija\/","title":{"rendered":"FERVIN MALVAZIJA"},"content":{"rendered":"<p>FERVIN Malvasia is a modern, fresh white wine with intense fruity aromas, which reminds of tropical fruits and elderflower. On the palate the wine is fruity and fresh with rich and full flavours.<\/p>\n<p class=\"translation-block\"><strong>WINE TECHNOLOGY:<\/strong> Hand-picked grapes. Free run separate from other fractions. Fermentation in stainless steel tanks. Four months active batonaging yeast sediment.<\/p>\n<p class=\"translation-block\"><strong>WINE AND FOOD:<\/strong> Recommended with all less spicy seafood, pasta and risotto, also well with\nwhite meat.<\/p>\n<p class=\"translation-block\"><strong>RECOMENDED TEMPERATURE:<\/strong> 10-12\u00b0C<\/p>\n<p><strong>VINTAGE:<\/strong> 2022<\/p>\n<p class=\"translation-block\"><strong>VARIETY:<\/strong> 100 % Malvasia Istriana<\/p>\n<p><strong>ALKOHOL:<\/strong> 13.50 vol. % alk.<\/p>\n<p class=\"translation-block\"><strong>SUGAR LEVEL:<\/strong> Dry<\/p>\n<p class=\"translation-block\"><strong>AGING POTENTIAL:<\/strong> Up to 3 years<\/p>\n<p class=\"translation-block\"><strong>WINE DISTRICT:<\/strong>  Wine-growing country Primorska, subregion Vipava Valley<\/p>\n<p class=\"translation-block\"><strong>VINEYARD:<\/strong> Jagrovo (Vrtovin)<\/p>\n<p class=\"translation-block\"><strong>SOIL:<\/strong> Marl, clay<\/p>\n<p class=\"translation-block\"><strong>YIELD:<\/strong> 50 hL\/ha<\/p>\n<p class=\"translation-block\"><strong>HARVESTING:<\/strong> Hand-picked in 20 kg boxes<\/p>\n<p><strong>BOTTLING:<\/strong> 10.6.2023<\/p>\n<p class=\"translation-block\"><strong>PRODUCTION:<\/strong> 1500 bottles<\/p>","protected":false},"excerpt":{"rendered":"<p>FERVIN Malvasia is a modern, fresh white wine with intense fruity aromas, which reminds of tropical fruits and elderflower. On the palate the wine is fruity and fresh with rich and full flavours.<\/p>","protected":false},"featured_media":1224,"template":"","meta":{"neve_meta_sidebar":"","neve_meta_container":"","neve_meta_enable_content_width":"off","neve_meta_content_width":100,"neve_meta_title_alignment":"","neve_meta_author_avatar":"","neve_post_elements_order":"","neve_meta_disable_header":"","neve_meta_disable_footer":"","neve_meta_disable_title":""},"product_brand":[],"product_cat":[29],"product_tag":[36,37,38],"class_list":{"0":"post-1223","1":"product","2":"type-product","3":"status-publish","4":"has-post-thumbnail","6":"product_cat-vina-fervin","7":"product_tag-belo","8":"product_tag-fervin","9":"product_tag-malvazija","11":"first","12":"instock","13":"shipping-taxable","14":"purchasable","15":"product-type-simple"},"yoast_head":"<!-- This site is optimized with the Yoast SEO plugin v26.1 - https:\/\/yoast.com\/wordpress\/plugins\/seo\/ -->\n<title>FERVIN MALVAZIJA - FERVIN<\/title>\n<meta name=\"robots\" content=\"index, follow, max-snippet:-1, max-image-preview:large, max-video-preview:-1\" \/>\n<link rel=\"canonical\" href=\"https:\/\/fervin.si\/en\/trgovina\/fervin-malvazija\/\" \/>\n<meta property=\"og:locale\" content=\"en_GB\" \/>\n<meta property=\"og:type\" content=\"article\" \/>\n<meta property=\"og:title\" content=\"FERVIN MALVAZIJA - FERVIN\" \/>\n<meta property=\"og:description\" content=\"FERVIN Malvazija je moderno, sve\u017ee belo vino z intenzivno sadno aromatiko, ki spominja na tropsko sadje in bezgovo cvetje. Vino je v ustih navdu\u0161ujo\u010de sadno in sve\u017ee z bogatim in polnim okusom.\" \/>\n<meta property=\"og:url\" content=\"https:\/\/fervin.si\/en\/trgovina\/fervin-malvazija\/\" \/>\n<meta property=\"og:site_name\" content=\"FERVIN\" \/>\n<meta property=\"article:publisher\" content=\"https:\/\/www.facebook.com\/posestvofervin\" \/>\n<meta property=\"article:modified_time\" content=\"2023-12-13T19:10:47+00:00\" \/>\n<meta property=\"og:image\" content=\"https:\/\/fervin.si\/wp-content\/uploads\/2023\/03\/Fervin_Malvazijawebshop.jpg\" \/>\n\t<meta property=\"og:image:width\" content=\"1407\" \/>\n\t<meta property=\"og:image:height\" content=\"2500\" \/>\n\t<meta property=\"og:image:type\" content=\"image\/jpeg\" \/>\n<meta name=\"twitter:card\" content=\"summary_large_image\" \/>\n<meta name=\"twitter:label1\" content=\"Estimated reading time\" \/>\n\t<meta name=\"twitter:data1\" content=\"1 minute\" \/>\n<script type=\"application\/ld+json\" class=\"yoast-schema-graph\">{\"@context\":\"https:\/\/schema.org\",\"@graph\":[{\"@type\":\"WebPage\",\"@id\":\"https:\/\/fervin.si\/trgovina\/fervin-malvazija\/\",\"url\":\"https:\/\/fervin.si\/trgovina\/fervin-malvazija\/\",\"name\":\"FERVIN MALVAZIJA - FERVIN\",\"isPartOf\":{\"@id\":\"https:\/\/fervin.si\/#website\"},\"primaryImageOfPage\":{\"@id\":\"https:\/\/fervin.si\/trgovina\/fervin-malvazija\/#primaryimage\"},\"image\":{\"@id\":\"https:\/\/fervin.si\/trgovina\/fervin-malvazija\/#primaryimage\"},\"thumbnailUrl\":\"https:\/\/i0.wp.com\/fervin.si\/wp-content\/uploads\/2023\/03\/Fervin_Malvazijawebshop.jpg?fit=1407%2C2500&ssl=1\",\"datePublished\":\"2023-03-16T20:52:57+00:00\",\"dateModified\":\"2023-12-13T19:10:47+00:00\",\"breadcrumb\":{\"@id\":\"https:\/\/fervin.si\/trgovina\/fervin-malvazija\/#breadcrumb\"},\"inLanguage\":\"en-GB\",\"potentialAction\":[{\"@type\":\"ReadAction\",\"target\":[\"https:\/\/fervin.si\/trgovina\/fervin-malvazija\/\"]}]},{\"@type\":\"ImageObject\",\"inLanguage\":\"en-GB\",\"@id\":\"https:\/\/fervin.si\/trgovina\/fervin-malvazija\/#primaryimage\",\"url\":\"https:\/\/i0.wp.com\/fervin.si\/wp-content\/uploads\/2023\/03\/Fervin_Malvazijawebshop.jpg?fit=1407%2C2500&ssl=1\",\"contentUrl\":\"https:\/\/i0.wp.com\/fervin.si\/wp-content\/uploads\/2023\/03\/Fervin_Malvazijawebshop.jpg?fit=1407%2C2500&ssl=1\",\"width\":1407,\"height\":2500},{\"@type\":\"BreadcrumbList\",\"@id\":\"https:\/\/fervin.si\/trgovina\/fervin-malvazija\/#breadcrumb\",\"itemListElement\":[{\"@type\":\"ListItem\",\"position\":1,\"name\":\"Home\",\"item\":\"https:\/\/fervin.si\/\"},{\"@type\":\"ListItem\",\"position\":2,\"name\":\"Izdelki\",\"item\":\"https:\/\/fervin.si\/shop\/\"},{\"@type\":\"ListItem\",\"position\":3,\"name\":\"FERVIN MALVAZIJA\"}]},{\"@type\":\"WebSite\",\"@id\":\"https:\/\/fervin.si\/#website\",\"url\":\"https:\/\/fervin.si\/\",\"name\":\"FERVIN\",\"description\":\"V VINU SO ODTISI NA\u0160EGA DELA IN KRAJA\",\"publisher\":{\"@id\":\"https:\/\/fervin.si\/#organization\"},\"potentialAction\":[{\"@type\":\"SearchAction\",\"target\":{\"@type\":\"EntryPoint\",\"urlTemplate\":\"https:\/\/fervin.si\/?s={search_term_string}\"},\"query-input\":{\"@type\":\"PropertyValueSpecification\",\"valueRequired\":true,\"valueName\":\"search_term_string\"}}],\"inLanguage\":\"en-GB\"},{\"@type\":\"Organization\",\"@id\":\"https:\/\/fervin.si\/#organization\",\"name\":\"FERVIN\",\"url\":\"https:\/\/fervin.si\/\",\"logo\":{\"@type\":\"ImageObject\",\"inLanguage\":\"en-GB\",\"@id\":\"https:\/\/fervin.si\/#\/schema\/logo\/image\/\",\"url\":\"https:\/\/i0.wp.com\/fervin.si\/wp-content\/uploads\/2023\/02\/FERVINpaypal.png?fit=151%2C46&ssl=1\",\"contentUrl\":\"https:\/\/i0.wp.com\/fervin.si\/wp-content\/uploads\/2023\/02\/FERVINpaypal.png?fit=151%2C46&ssl=1\",\"width\":151,\"height\":46,\"caption\":\"FERVIN\"},\"image\":{\"@id\":\"https:\/\/fervin.si\/#\/schema\/logo\/image\/\"},\"sameAs\":[\"https:\/\/www.facebook.com\/posestvofervin\",\"https:\/\/www.instagram.com\/posestvofervin\/\"]}]}<\/script>\n<!-- \/ Yoast SEO plugin. -->","yoast_head_json":{"title":"FERVIN MALVAZIJA - FERVIN","robots":{"index":"index","follow":"follow","max-snippet":"max-snippet:-1","max-image-preview":"max-image-preview:large","max-video-preview":"max-video-preview:-1"},"canonical":"https:\/\/fervin.si\/en\/trgovina\/fervin-malvazija\/","og_locale":"en_GB","og_type":"article","og_title":"FERVIN MALVAZIJA - FERVIN","og_description":"FERVIN Malvazija je moderno, sve\u017ee belo vino z intenzivno sadno aromatiko, ki spominja na tropsko sadje in bezgovo cvetje. Vino je v ustih navdu\u0161ujo\u010de sadno in sve\u017ee z bogatim in polnim okusom.","og_url":"https:\/\/fervin.si\/en\/trgovina\/fervin-malvazija\/","og_site_name":"FERVIN","article_publisher":"https:\/\/www.facebook.com\/posestvofervin","article_modified_time":"2023-12-13T19:10:47+00:00","og_image":[{"width":1407,"height":2500,"url":"https:\/\/fervin.si\/wp-content\/uploads\/2023\/03\/Fervin_Malvazijawebshop.jpg","type":"image\/jpeg"}],"twitter_card":"summary_large_image","twitter_misc":{"Estimated reading time":"1 minute"},"schema":{"@context":"https:\/\/schema.org","@graph":[{"@type":"WebPage","@id":"https:\/\/fervin.si\/trgovina\/fervin-malvazija\/","url":"https:\/\/fervin.si\/trgovina\/fervin-malvazija\/","name":"FERVIN MALVAZIJA - FERVIN","isPartOf":{"@id":"https:\/\/fervin.si\/#website"},"primaryImageOfPage":{"@id":"https:\/\/fervin.si\/trgovina\/fervin-malvazija\/#primaryimage"},"image":{"@id":"https:\/\/fervin.si\/trgovina\/fervin-malvazija\/#primaryimage"},"thumbnailUrl":"https:\/\/i0.wp.com\/fervin.si\/wp-content\/uploads\/2023\/03\/Fervin_Malvazijawebshop.jpg?fit=1407%2C2500&ssl=1","datePublished":"2023-03-16T20:52:57+00:00","dateModified":"2023-12-13T19:10:47+00:00","breadcrumb":{"@id":"https:\/\/fervin.si\/trgovina\/fervin-malvazija\/#breadcrumb"},"inLanguage":"en-GB","potentialAction":[{"@type":"ReadAction","target":["https:\/\/fervin.si\/trgovina\/fervin-malvazija\/"]}]},{"@type":"ImageObject","inLanguage":"en-GB","@id":"https:\/\/fervin.si\/trgovina\/fervin-malvazija\/#primaryimage","url":"https:\/\/i0.wp.com\/fervin.si\/wp-content\/uploads\/2023\/03\/Fervin_Malvazijawebshop.jpg?fit=1407%2C2500&ssl=1","contentUrl":"https:\/\/i0.wp.com\/fervin.si\/wp-content\/uploads\/2023\/03\/Fervin_Malvazijawebshop.jpg?fit=1407%2C2500&ssl=1","width":1407,"height":2500},{"@type":"BreadcrumbList","@id":"https:\/\/fervin.si\/trgovina\/fervin-malvazija\/#breadcrumb","itemListElement":[{"@type":"ListItem","position":1,"name":"Home","item":"https:\/\/fervin.si\/"},{"@type":"ListItem","position":2,"name":"Izdelki","item":"https:\/\/fervin.si\/shop\/"},{"@type":"ListItem","position":3,"name":"FERVIN MALVAZIJA"}]},{"@type":"WebSite","@id":"https:\/\/fervin.si\/#website","url":"https:\/\/fervin.si\/","name":"FERVIN","description":"V VINU SO ODTISI NA\u0160EGA DELA IN KRAJA","publisher":{"@id":"https:\/\/fervin.si\/#organization"},"potentialAction":[{"@type":"SearchAction","target":{"@type":"EntryPoint","urlTemplate":"https:\/\/fervin.si\/?s={search_term_string}"},"query-input":{"@type":"PropertyValueSpecification","valueRequired":true,"valueName":"search_term_string"}}],"inLanguage":"en-GB"},{"@type":"Organization","@id":"https:\/\/fervin.si\/#organization","name":"FERVIN","url":"https:\/\/fervin.si\/","logo":{"@type":"ImageObject","inLanguage":"en-GB","@id":"https:\/\/fervin.si\/#\/schema\/logo\/image\/","url":"https:\/\/i0.wp.com\/fervin.si\/wp-content\/uploads\/2023\/02\/FERVINpaypal.png?fit=151%2C46&ssl=1","contentUrl":"https:\/\/i0.wp.com\/fervin.si\/wp-content\/uploads\/2023\/02\/FERVINpaypal.png?fit=151%2C46&ssl=1","width":151,"height":46,"caption":"FERVIN"},"image":{"@id":"https:\/\/fervin.si\/#\/schema\/logo\/image\/"},"sameAs":["https:\/\/www.facebook.com\/posestvofervin","https:\/\/www.instagram.com\/posestvofervin\/"]}]}},"jetpack_sharing_enabled":true,"_links":{"self":[{"href":"https:\/\/fervin.si\/en\/wp-json\/wp\/v2\/product\/1223","targetHints":{"allow":["GET"]}}],"collection":[{"href":"https:\/\/fervin.si\/en\/wp-json\/wp\/v2\/product"}],"about":[{"href":"https:\/\/fervin.si\/en\/wp-json\/wp\/v2\/types\/product"}],"wp:featuredmedia":[{"embeddable":true,"href":"https:\/\/fervin.si\/en\/wp-json\/wp\/v2\/media\/1224"}],"wp:attachment":[{"href":"https:\/\/fervin.si\/en\/wp-json\/wp\/v2\/media?parent=1223"}],"wp:term":[{"taxonomy":"product_brand","embeddable":true,"href":"https:\/\/fervin.si\/en\/wp-json\/wp\/v2\/product_brand?post=1223"},{"taxonomy":"product_cat","embeddable":true,"href":"https:\/\/fervin.si\/en\/wp-json\/wp\/v2\/product_cat?post=1223"},{"taxonomy":"product_tag","embeddable":true,"href":"https:\/\/fervin.si\/en\/wp-json\/wp\/v2\/product_tag?post=1223"}],"curies":[{"name":"wp","href":"https:\/\/api.w.org\/{rel}","templated":true}]}}