{"id":1243,"date":"2023-04-24T10:09:34","date_gmt":"2023-04-24T09:09:34","guid":{"rendered":"https:\/\/fervin.si\/?post_type=product&#038;p=1243"},"modified":"2023-12-13T20:11:00","modified_gmt":"2023-12-13T19:11:00","slug":"fervin-rose","status":"publish","type":"product","link":"https:\/\/fervin.si\/en\/trgovina\/fervin-rose\/","title":{"rendered":"FERVIN ROSE"},"content":{"rendered":"<p>FERVIN Rose is an elegant and fresh rose of soft pink color. Wine predominantly has the notes of\ncitrus as well as yellow and tropical fruits. On the palate, the wine is more youthful, intense and full\nof flavours with a pleasant freshness and a long aftertaste.<\/p>\n<p class=\"translation-block\"><strong>WINE TECHNOLOGY:<\/strong> Hand-picked grapes. Extreme accuracy at separation of must fractions.\nFermentation in stainless steel tanks.<\/p>\n<p class=\"translation-block\"><strong>WINE AND FOOD:<\/strong> Recommended with all less spicy seafood, pasta and risotto, also well with\nwhite meat.<\/p>\n<p class=\"translation-block\"><strong>RECOMENDED TEMPERATURE:<\/strong> 10-12\u00b0C<\/p>\n<p><strong>VINTAGE:<\/strong> 2022<\/p>\n<p class=\"translation-block\"><strong>VARIETY:<\/strong> 100% Cabernet Sauvignon<\/p>\n<p class=\"translation-block\"><strong>ALCOHOL:<\/strong> 13.00 vol. % alk.<\/p>\n<p class=\"translation-block\"><strong>SUGAR LEVEL:<\/strong> Dry<\/p>\n<p class=\"translation-block\"><strong>AGING POTENTIAL:<\/strong> Up to 3 years<\/p>\n<p class=\"translation-block\"><strong>WINE DISTRICT:<\/strong>  Wine-growing country Primorska, subregion Vipava Valley<\/p>\n<p class=\"translation-block\"><strong>VINEYARD:<\/strong> Podbrdo (Vrtovin)<\/p>\n<p class=\"translation-block\"><strong>SOIL:<\/strong> Marl, clay<\/p>\n<p class=\"translation-block\"><strong>YIELD:<\/strong> 50 hL\/ha<\/p>\n<p class=\"translation-block\"><strong>HARVESTING:<\/strong> Hand-picked in 20 kg boxes<\/p>\n<p><strong>BOTTLING:<\/strong> 10.6.2023<\/p>\n<p class=\"translation-block\"><strong>PRODUCTION:<\/strong> 1500 bottles<\/p>","protected":false},"excerpt":{"rendered":"<p>FERVIN Rose is an elegant and fresh rose of soft pink color. Wine predominantly has the notes of\ncitrus as well as yellow and tropical fruits. On the palate, the wine is more youthful, intense and full\nof flavours with a pleasant freshness and a long aftertaste.<\/p>","protected":false},"featured_media":1244,"template":"","meta":{"neve_meta_sidebar":"","neve_meta_container":"","neve_meta_enable_content_width":"off","neve_meta_content_width":100,"neve_meta_title_alignment":"","neve_meta_author_avatar":"","neve_post_elements_order":"","neve_meta_disable_header":"","neve_meta_disable_footer":"","neve_meta_disable_title":""},"product_brand":[],"product_cat":[29],"product_tag":[37,39],"class_list":{"0":"post-1243","1":"product","2":"type-product","3":"status-publish","4":"has-post-thumbnail","6":"product_cat-vina-fervin","7":"product_tag-fervin","8":"product_tag-rose","10":"first","11":"instock","12":"shipping-taxable","13":"purchasable","14":"product-type-simple"},"yoast_head":"<!-- This site is optimized with the Yoast SEO plugin v26.1 - https:\/\/yoast.com\/wordpress\/plugins\/seo\/ -->\n<title>FERVIN ROSE - FERVIN<\/title>\n<meta name=\"robots\" content=\"index, follow, max-snippet:-1, max-image-preview:large, max-video-preview:-1\" \/>\n<link rel=\"canonical\" href=\"https:\/\/fervin.si\/en\/trgovina\/fervin-rose\/\" \/>\n<meta property=\"og:locale\" content=\"en_GB\" \/>\n<meta property=\"og:type\" content=\"article\" \/>\n<meta property=\"og:title\" content=\"FERVIN ROSE - FERVIN\" \/>\n<meta property=\"og:description\" content=\"FERVIN Rose je eleganten in navdihujo\u010de sve\u017e rose \u010dudovite ne\u017eno roza barve. V vinu so prevladujo\u010de zaznave citrusov, ter ko\u0161\u010di\u010dastih in tropskih sade\u017eev. Vino je v ustih \u017eivahno, intenzivno ter polnega okusa s prijetno sve\u017eino in dolgim zatonom.\" \/>\n<meta property=\"og:url\" content=\"https:\/\/fervin.si\/en\/trgovina\/fervin-rose\/\" \/>\n<meta property=\"og:site_name\" content=\"FERVIN\" \/>\n<meta property=\"article:publisher\" content=\"https:\/\/www.facebook.com\/posestvofervin\" \/>\n<meta property=\"article:modified_time\" content=\"2023-12-13T19:11:00+00:00\" \/>\n<meta property=\"og:image\" content=\"https:\/\/fervin.si\/wp-content\/uploads\/2023\/04\/Fervin_Rosewebshop.jpg\" \/>\n\t<meta property=\"og:image:width\" content=\"1407\" \/>\n\t<meta property=\"og:image:height\" content=\"2500\" \/>\n\t<meta property=\"og:image:type\" content=\"image\/jpeg\" \/>\n<meta name=\"twitter:card\" content=\"summary_large_image\" \/>\n<meta name=\"twitter:label1\" content=\"Estimated reading time\" \/>\n\t<meta name=\"twitter:data1\" content=\"1 minute\" \/>\n<script type=\"application\/ld+json\" class=\"yoast-schema-graph\">{\"@context\":\"https:\/\/schema.org\",\"@graph\":[{\"@type\":\"WebPage\",\"@id\":\"https:\/\/fervin.si\/trgovina\/fervin-rose\/\",\"url\":\"https:\/\/fervin.si\/trgovina\/fervin-rose\/\",\"name\":\"FERVIN ROSE - FERVIN\",\"isPartOf\":{\"@id\":\"https:\/\/fervin.si\/#website\"},\"primaryImageOfPage\":{\"@id\":\"https:\/\/fervin.si\/trgovina\/fervin-rose\/#primaryimage\"},\"image\":{\"@id\":\"https:\/\/fervin.si\/trgovina\/fervin-rose\/#primaryimage\"},\"thumbnailUrl\":\"https:\/\/i0.wp.com\/fervin.si\/wp-content\/uploads\/2023\/04\/Fervin_Rosewebshop.jpg?fit=1407%2C2500&ssl=1\",\"datePublished\":\"2023-04-24T09:09:34+00:00\",\"dateModified\":\"2023-12-13T19:11:00+00:00\",\"breadcrumb\":{\"@id\":\"https:\/\/fervin.si\/trgovina\/fervin-rose\/#breadcrumb\"},\"inLanguage\":\"en-GB\",\"potentialAction\":[{\"@type\":\"ReadAction\",\"target\":[\"https:\/\/fervin.si\/trgovina\/fervin-rose\/\"]}]},{\"@type\":\"ImageObject\",\"inLanguage\":\"en-GB\",\"@id\":\"https:\/\/fervin.si\/trgovina\/fervin-rose\/#primaryimage\",\"url\":\"https:\/\/i0.wp.com\/fervin.si\/wp-content\/uploads\/2023\/04\/Fervin_Rosewebshop.jpg?fit=1407%2C2500&ssl=1\",\"contentUrl\":\"https:\/\/i0.wp.com\/fervin.si\/wp-content\/uploads\/2023\/04\/Fervin_Rosewebshop.jpg?fit=1407%2C2500&ssl=1\",\"width\":1407,\"height\":2500},{\"@type\":\"BreadcrumbList\",\"@id\":\"https:\/\/fervin.si\/trgovina\/fervin-rose\/#breadcrumb\",\"itemListElement\":[{\"@type\":\"ListItem\",\"position\":1,\"name\":\"Home\",\"item\":\"https:\/\/fervin.si\/\"},{\"@type\":\"ListItem\",\"position\":2,\"name\":\"Izdelki\",\"item\":\"https:\/\/fervin.si\/shop\/\"},{\"@type\":\"ListItem\",\"position\":3,\"name\":\"FERVIN ROSE\"}]},{\"@type\":\"WebSite\",\"@id\":\"https:\/\/fervin.si\/#website\",\"url\":\"https:\/\/fervin.si\/\",\"name\":\"FERVIN\",\"description\":\"V VINU SO ODTISI NA\u0160EGA DELA IN KRAJA\",\"publisher\":{\"@id\":\"https:\/\/fervin.si\/#organization\"},\"potentialAction\":[{\"@type\":\"SearchAction\",\"target\":{\"@type\":\"EntryPoint\",\"urlTemplate\":\"https:\/\/fervin.si\/?s={search_term_string}\"},\"query-input\":{\"@type\":\"PropertyValueSpecification\",\"valueRequired\":true,\"valueName\":\"search_term_string\"}}],\"inLanguage\":\"en-GB\"},{\"@type\":\"Organization\",\"@id\":\"https:\/\/fervin.si\/#organization\",\"name\":\"FERVIN\",\"url\":\"https:\/\/fervin.si\/\",\"logo\":{\"@type\":\"ImageObject\",\"inLanguage\":\"en-GB\",\"@id\":\"https:\/\/fervin.si\/#\/schema\/logo\/image\/\",\"url\":\"https:\/\/i0.wp.com\/fervin.si\/wp-content\/uploads\/2023\/02\/FERVINpaypal.png?fit=151%2C46&ssl=1\",\"contentUrl\":\"https:\/\/i0.wp.com\/fervin.si\/wp-content\/uploads\/2023\/02\/FERVINpaypal.png?fit=151%2C46&ssl=1\",\"width\":151,\"height\":46,\"caption\":\"FERVIN\"},\"image\":{\"@id\":\"https:\/\/fervin.si\/#\/schema\/logo\/image\/\"},\"sameAs\":[\"https:\/\/www.facebook.com\/posestvofervin\",\"https:\/\/www.instagram.com\/posestvofervin\/\"]}]}<\/script>\n<!-- \/ Yoast SEO plugin. -->","yoast_head_json":{"title":"FERVIN ROSE - FERVIN","robots":{"index":"index","follow":"follow","max-snippet":"max-snippet:-1","max-image-preview":"max-image-preview:large","max-video-preview":"max-video-preview:-1"},"canonical":"https:\/\/fervin.si\/en\/trgovina\/fervin-rose\/","og_locale":"en_GB","og_type":"article","og_title":"FERVIN ROSE - FERVIN","og_description":"FERVIN Rose je eleganten in navdihujo\u010de sve\u017e rose \u010dudovite ne\u017eno roza barve. V vinu so prevladujo\u010de zaznave citrusov, ter ko\u0161\u010di\u010dastih in tropskih sade\u017eev. Vino je v ustih \u017eivahno, intenzivno ter polnega okusa s prijetno sve\u017eino in dolgim zatonom.","og_url":"https:\/\/fervin.si\/en\/trgovina\/fervin-rose\/","og_site_name":"FERVIN","article_publisher":"https:\/\/www.facebook.com\/posestvofervin","article_modified_time":"2023-12-13T19:11:00+00:00","og_image":[{"width":1407,"height":2500,"url":"https:\/\/fervin.si\/wp-content\/uploads\/2023\/04\/Fervin_Rosewebshop.jpg","type":"image\/jpeg"}],"twitter_card":"summary_large_image","twitter_misc":{"Estimated reading time":"1 minute"},"schema":{"@context":"https:\/\/schema.org","@graph":[{"@type":"WebPage","@id":"https:\/\/fervin.si\/trgovina\/fervin-rose\/","url":"https:\/\/fervin.si\/trgovina\/fervin-rose\/","name":"FERVIN ROSE - FERVIN","isPartOf":{"@id":"https:\/\/fervin.si\/#website"},"primaryImageOfPage":{"@id":"https:\/\/fervin.si\/trgovina\/fervin-rose\/#primaryimage"},"image":{"@id":"https:\/\/fervin.si\/trgovina\/fervin-rose\/#primaryimage"},"thumbnailUrl":"https:\/\/i0.wp.com\/fervin.si\/wp-content\/uploads\/2023\/04\/Fervin_Rosewebshop.jpg?fit=1407%2C2500&ssl=1","datePublished":"2023-04-24T09:09:34+00:00","dateModified":"2023-12-13T19:11:00+00:00","breadcrumb":{"@id":"https:\/\/fervin.si\/trgovina\/fervin-rose\/#breadcrumb"},"inLanguage":"en-GB","potentialAction":[{"@type":"ReadAction","target":["https:\/\/fervin.si\/trgovina\/fervin-rose\/"]}]},{"@type":"ImageObject","inLanguage":"en-GB","@id":"https:\/\/fervin.si\/trgovina\/fervin-rose\/#primaryimage","url":"https:\/\/i0.wp.com\/fervin.si\/wp-content\/uploads\/2023\/04\/Fervin_Rosewebshop.jpg?fit=1407%2C2500&ssl=1","contentUrl":"https:\/\/i0.wp.com\/fervin.si\/wp-content\/uploads\/2023\/04\/Fervin_Rosewebshop.jpg?fit=1407%2C2500&ssl=1","width":1407,"height":2500},{"@type":"BreadcrumbList","@id":"https:\/\/fervin.si\/trgovina\/fervin-rose\/#breadcrumb","itemListElement":[{"@type":"ListItem","position":1,"name":"Home","item":"https:\/\/fervin.si\/"},{"@type":"ListItem","position":2,"name":"Izdelki","item":"https:\/\/fervin.si\/shop\/"},{"@type":"ListItem","position":3,"name":"FERVIN ROSE"}]},{"@type":"WebSite","@id":"https:\/\/fervin.si\/#website","url":"https:\/\/fervin.si\/","name":"FERVIN","description":"V VINU SO ODTISI NA\u0160EGA DELA IN KRAJA","publisher":{"@id":"https:\/\/fervin.si\/#organization"},"potentialAction":[{"@type":"SearchAction","target":{"@type":"EntryPoint","urlTemplate":"https:\/\/fervin.si\/?s={search_term_string}"},"query-input":{"@type":"PropertyValueSpecification","valueRequired":true,"valueName":"search_term_string"}}],"inLanguage":"en-GB"},{"@type":"Organization","@id":"https:\/\/fervin.si\/#organization","name":"FERVIN","url":"https:\/\/fervin.si\/","logo":{"@type":"ImageObject","inLanguage":"en-GB","@id":"https:\/\/fervin.si\/#\/schema\/logo\/image\/","url":"https:\/\/i0.wp.com\/fervin.si\/wp-content\/uploads\/2023\/02\/FERVINpaypal.png?fit=151%2C46&ssl=1","contentUrl":"https:\/\/i0.wp.com\/fervin.si\/wp-content\/uploads\/2023\/02\/FERVINpaypal.png?fit=151%2C46&ssl=1","width":151,"height":46,"caption":"FERVIN"},"image":{"@id":"https:\/\/fervin.si\/#\/schema\/logo\/image\/"},"sameAs":["https:\/\/www.facebook.com\/posestvofervin","https:\/\/www.instagram.com\/posestvofervin\/"]}]}},"jetpack_sharing_enabled":true,"_links":{"self":[{"href":"https:\/\/fervin.si\/en\/wp-json\/wp\/v2\/product\/1243","targetHints":{"allow":["GET"]}}],"collection":[{"href":"https:\/\/fervin.si\/en\/wp-json\/wp\/v2\/product"}],"about":[{"href":"https:\/\/fervin.si\/en\/wp-json\/wp\/v2\/types\/product"}],"wp:featuredmedia":[{"embeddable":true,"href":"https:\/\/fervin.si\/en\/wp-json\/wp\/v2\/media\/1244"}],"wp:attachment":[{"href":"https:\/\/fervin.si\/en\/wp-json\/wp\/v2\/media?parent=1243"}],"wp:term":[{"taxonomy":"product_brand","embeddable":true,"href":"https:\/\/fervin.si\/en\/wp-json\/wp\/v2\/product_brand?post=1243"},{"taxonomy":"product_cat","embeddable":true,"href":"https:\/\/fervin.si\/en\/wp-json\/wp\/v2\/product_cat?post=1243"},{"taxonomy":"product_tag","embeddable":true,"href":"https:\/\/fervin.si\/en\/wp-json\/wp\/v2\/product_tag?post=1243"}],"curies":[{"name":"wp","href":"https:\/\/api.w.org\/{rel}","templated":true}]}}