{"id":1267,"date":"2023-04-24T12:33:45","date_gmt":"2023-04-24T11:33:45","guid":{"rendered":"https:\/\/fervin.si\/?post_type=product&#038;p=1267"},"modified":"2023-12-13T20:07:15","modified_gmt":"2023-12-13T19:07:15","slug":"fm-muskat","status":"publish","type":"product","link":"https:\/\/fervin.si\/en\/trgovina\/fm-muskat\/","title":{"rendered":"FM MU\u0160KAT"},"content":{"rendered":"<p>Yellow Muscat in its most beautiful image. Sweet wine of golden yellow color with intensely expressed varietal muscat aroma, which is upgraded in the mouth with a harmonious sweet taste. A great accompaniment to desserts.<\/p>\n<p class=\"translation-block\"><strong>WINE TECHNOLOGY:<\/strong> Hand-picked grapes. Destemming and 4 hours of cold maceration, followed by gentle pressing of the grapes. Fermentation in stainless steel tanks. At the appropriate sugar level, the fermentation was stopped by cooling down and moving the wine in another tank.<\/p>\n<p class=\"translation-block\"><strong>RECOMENDED TEMPERATURE:<\/strong> 10-12\u00b0C<\/p>\n<p class=\"translation-block\"><strong>VARIETY:<\/strong>  100% Moscato Giallo<\/p>\n<p class=\"translation-block\"><strong>ALCOHOL:<\/strong> 9.5 vol. % alk.<\/p>\n<p class=\"translation-block\"><strong>SUGAR LEVEL:<\/strong> Sweet<\/p>\n<p class=\"translation-block\"><strong>RESIDUE SUGAR:<\/strong> 45 g\/l<\/p>\n<p class=\"translation-block\"><strong>AGING POTENTIAL:<\/strong> Up to 3 years<\/p>\n<p class=\"translation-block\"><strong>WINE DISTRICT:<\/strong>  Wine-growing country Primorska, subregion Vipava Valley<\/p>\n<p class=\"translation-block\"><strong>HARVESTING:<\/strong> Hand-picked<\/p>","protected":false},"excerpt":{"rendered":"<p>Yellow Muscat in its most beautiful image. Sweet wine of golden yellow color with intensely expressed varietal muscat aroma, which is upgraded in the mouth with a harmonious sweet taste. A great accompaniment to desserts.<\/p>","protected":false},"featured_media":1268,"template":"","meta":{"neve_meta_sidebar":"","neve_meta_container":"","neve_meta_enable_content_width":"off","neve_meta_content_width":100,"neve_meta_title_alignment":"","neve_meta_author_avatar":"","neve_post_elements_order":"","neve_meta_disable_header":"","neve_meta_disable_footer":"","neve_meta_disable_title":""},"product_brand":[],"product_cat":[35],"product_tag":[43,45,46],"class_list":{"0":"post-1267","1":"product","2":"type-product","3":"status-publish","4":"has-post-thumbnail","6":"product_cat-fm-vina","7":"product_tag-fm-vina","8":"product_tag-muskat","9":"product_tag-sladko","11":"first","12":"instock","13":"shipping-taxable","14":"purchasable","15":"product-type-simple"},"yoast_head":"<!-- This site is optimized with the Yoast SEO plugin v26.1 - https:\/\/yoast.com\/wordpress\/plugins\/seo\/ -->\n<title>FM MU\u0160KAT - FERVIN<\/title>\n<meta name=\"robots\" content=\"index, follow, max-snippet:-1, max-image-preview:large, max-video-preview:-1\" \/>\n<link rel=\"canonical\" href=\"https:\/\/fervin.si\/en\/trgovina\/fm-muskat\/\" \/>\n<meta property=\"og:locale\" content=\"en_GB\" \/>\n<meta property=\"og:type\" content=\"article\" \/>\n<meta property=\"og:title\" content=\"FM MU\u0160KAT - FERVIN\" \/>\n<meta property=\"og:description\" content=\"Rumeni mu\u0161kat v svoji najlep\u0161i podobi. Sladko vino zlato rumene barve z intenzivno izra\u017eeno sortno mu\u0161katno aromatiko, ki se v ustih nadgradi s harmoni\u010dnim sladkim okusom. Odli\u010den spremljevalec sladic.\" \/>\n<meta property=\"og:url\" content=\"https:\/\/fervin.si\/en\/trgovina\/fm-muskat\/\" \/>\n<meta property=\"og:site_name\" content=\"FERVIN\" \/>\n<meta property=\"article:publisher\" content=\"https:\/\/www.facebook.com\/posestvofervin\" \/>\n<meta property=\"article:modified_time\" content=\"2023-12-13T19:07:15+00:00\" \/>\n<meta property=\"og:image\" content=\"https:\/\/fervin.si\/wp-content\/uploads\/2023\/04\/FM_Muskatwebshop-scaled.jpg\" \/>\n\t<meta property=\"og:image:width\" content=\"1440\" \/>\n\t<meta property=\"og:image:height\" content=\"2560\" \/>\n\t<meta property=\"og:image:type\" content=\"image\/jpeg\" \/>\n<meta name=\"twitter:card\" content=\"summary_large_image\" \/>\n<meta name=\"twitter:label1\" content=\"Estimated reading time\" \/>\n\t<meta name=\"twitter:data1\" content=\"1 minute\" \/>\n<script type=\"application\/ld+json\" class=\"yoast-schema-graph\">{\"@context\":\"https:\/\/schema.org\",\"@graph\":[{\"@type\":\"WebPage\",\"@id\":\"https:\/\/fervin.si\/trgovina\/fm-muskat\/\",\"url\":\"https:\/\/fervin.si\/trgovina\/fm-muskat\/\",\"name\":\"FM MU\u0160KAT - FERVIN\",\"isPartOf\":{\"@id\":\"https:\/\/fervin.si\/#website\"},\"primaryImageOfPage\":{\"@id\":\"https:\/\/fervin.si\/trgovina\/fm-muskat\/#primaryimage\"},\"image\":{\"@id\":\"https:\/\/fervin.si\/trgovina\/fm-muskat\/#primaryimage\"},\"thumbnailUrl\":\"https:\/\/i0.wp.com\/fervin.si\/wp-content\/uploads\/2023\/04\/FM_Muskatwebshop-scaled.jpg?fit=1440%2C2560&ssl=1\",\"datePublished\":\"2023-04-24T11:33:45+00:00\",\"dateModified\":\"2023-12-13T19:07:15+00:00\",\"breadcrumb\":{\"@id\":\"https:\/\/fervin.si\/trgovina\/fm-muskat\/#breadcrumb\"},\"inLanguage\":\"en-GB\",\"potentialAction\":[{\"@type\":\"ReadAction\",\"target\":[\"https:\/\/fervin.si\/trgovina\/fm-muskat\/\"]}]},{\"@type\":\"ImageObject\",\"inLanguage\":\"en-GB\",\"@id\":\"https:\/\/fervin.si\/trgovina\/fm-muskat\/#primaryimage\",\"url\":\"https:\/\/i0.wp.com\/fervin.si\/wp-content\/uploads\/2023\/04\/FM_Muskatwebshop-scaled.jpg?fit=1440%2C2560&ssl=1\",\"contentUrl\":\"https:\/\/i0.wp.com\/fervin.si\/wp-content\/uploads\/2023\/04\/FM_Muskatwebshop-scaled.jpg?fit=1440%2C2560&ssl=1\",\"width\":1440,\"height\":2560},{\"@type\":\"BreadcrumbList\",\"@id\":\"https:\/\/fervin.si\/trgovina\/fm-muskat\/#breadcrumb\",\"itemListElement\":[{\"@type\":\"ListItem\",\"position\":1,\"name\":\"Home\",\"item\":\"https:\/\/fervin.si\/\"},{\"@type\":\"ListItem\",\"position\":2,\"name\":\"Izdelki\",\"item\":\"https:\/\/fervin.si\/shop\/\"},{\"@type\":\"ListItem\",\"position\":3,\"name\":\"FM MU\u0160KAT\"}]},{\"@type\":\"WebSite\",\"@id\":\"https:\/\/fervin.si\/#website\",\"url\":\"https:\/\/fervin.si\/\",\"name\":\"FERVIN\",\"description\":\"V VINU SO ODTISI NA\u0160EGA DELA IN KRAJA\",\"publisher\":{\"@id\":\"https:\/\/fervin.si\/#organization\"},\"potentialAction\":[{\"@type\":\"SearchAction\",\"target\":{\"@type\":\"EntryPoint\",\"urlTemplate\":\"https:\/\/fervin.si\/?s={search_term_string}\"},\"query-input\":{\"@type\":\"PropertyValueSpecification\",\"valueRequired\":true,\"valueName\":\"search_term_string\"}}],\"inLanguage\":\"en-GB\"},{\"@type\":\"Organization\",\"@id\":\"https:\/\/fervin.si\/#organization\",\"name\":\"FERVIN\",\"url\":\"https:\/\/fervin.si\/\",\"logo\":{\"@type\":\"ImageObject\",\"inLanguage\":\"en-GB\",\"@id\":\"https:\/\/fervin.si\/#\/schema\/logo\/image\/\",\"url\":\"https:\/\/i0.wp.com\/fervin.si\/wp-content\/uploads\/2023\/02\/FERVINpaypal.png?fit=151%2C46&ssl=1\",\"contentUrl\":\"https:\/\/i0.wp.com\/fervin.si\/wp-content\/uploads\/2023\/02\/FERVINpaypal.png?fit=151%2C46&ssl=1\",\"width\":151,\"height\":46,\"caption\":\"FERVIN\"},\"image\":{\"@id\":\"https:\/\/fervin.si\/#\/schema\/logo\/image\/\"},\"sameAs\":[\"https:\/\/www.facebook.com\/posestvofervin\",\"https:\/\/www.instagram.com\/posestvofervin\/\"]}]}<\/script>\n<!-- \/ Yoast SEO plugin. -->","yoast_head_json":{"title":"FM MU\u0160KAT - FERVIN","robots":{"index":"index","follow":"follow","max-snippet":"max-snippet:-1","max-image-preview":"max-image-preview:large","max-video-preview":"max-video-preview:-1"},"canonical":"https:\/\/fervin.si\/en\/trgovina\/fm-muskat\/","og_locale":"en_GB","og_type":"article","og_title":"FM MU\u0160KAT - FERVIN","og_description":"Rumeni mu\u0161kat v svoji najlep\u0161i podobi. Sladko vino zlato rumene barve z intenzivno izra\u017eeno sortno mu\u0161katno aromatiko, ki se v ustih nadgradi s harmoni\u010dnim sladkim okusom. Odli\u010den spremljevalec sladic.","og_url":"https:\/\/fervin.si\/en\/trgovina\/fm-muskat\/","og_site_name":"FERVIN","article_publisher":"https:\/\/www.facebook.com\/posestvofervin","article_modified_time":"2023-12-13T19:07:15+00:00","og_image":[{"width":1440,"height":2560,"url":"https:\/\/fervin.si\/wp-content\/uploads\/2023\/04\/FM_Muskatwebshop-scaled.jpg","type":"image\/jpeg"}],"twitter_card":"summary_large_image","twitter_misc":{"Estimated reading time":"1 minute"},"schema":{"@context":"https:\/\/schema.org","@graph":[{"@type":"WebPage","@id":"https:\/\/fervin.si\/trgovina\/fm-muskat\/","url":"https:\/\/fervin.si\/trgovina\/fm-muskat\/","name":"FM MU\u0160KAT - FERVIN","isPartOf":{"@id":"https:\/\/fervin.si\/#website"},"primaryImageOfPage":{"@id":"https:\/\/fervin.si\/trgovina\/fm-muskat\/#primaryimage"},"image":{"@id":"https:\/\/fervin.si\/trgovina\/fm-muskat\/#primaryimage"},"thumbnailUrl":"https:\/\/i0.wp.com\/fervin.si\/wp-content\/uploads\/2023\/04\/FM_Muskatwebshop-scaled.jpg?fit=1440%2C2560&ssl=1","datePublished":"2023-04-24T11:33:45+00:00","dateModified":"2023-12-13T19:07:15+00:00","breadcrumb":{"@id":"https:\/\/fervin.si\/trgovina\/fm-muskat\/#breadcrumb"},"inLanguage":"en-GB","potentialAction":[{"@type":"ReadAction","target":["https:\/\/fervin.si\/trgovina\/fm-muskat\/"]}]},{"@type":"ImageObject","inLanguage":"en-GB","@id":"https:\/\/fervin.si\/trgovina\/fm-muskat\/#primaryimage","url":"https:\/\/i0.wp.com\/fervin.si\/wp-content\/uploads\/2023\/04\/FM_Muskatwebshop-scaled.jpg?fit=1440%2C2560&ssl=1","contentUrl":"https:\/\/i0.wp.com\/fervin.si\/wp-content\/uploads\/2023\/04\/FM_Muskatwebshop-scaled.jpg?fit=1440%2C2560&ssl=1","width":1440,"height":2560},{"@type":"BreadcrumbList","@id":"https:\/\/fervin.si\/trgovina\/fm-muskat\/#breadcrumb","itemListElement":[{"@type":"ListItem","position":1,"name":"Home","item":"https:\/\/fervin.si\/"},{"@type":"ListItem","position":2,"name":"Izdelki","item":"https:\/\/fervin.si\/shop\/"},{"@type":"ListItem","position":3,"name":"FM MU\u0160KAT"}]},{"@type":"WebSite","@id":"https:\/\/fervin.si\/#website","url":"https:\/\/fervin.si\/","name":"FERVIN","description":"V VINU SO ODTISI NA\u0160EGA DELA IN KRAJA","publisher":{"@id":"https:\/\/fervin.si\/#organization"},"potentialAction":[{"@type":"SearchAction","target":{"@type":"EntryPoint","urlTemplate":"https:\/\/fervin.si\/?s={search_term_string}"},"query-input":{"@type":"PropertyValueSpecification","valueRequired":true,"valueName":"search_term_string"}}],"inLanguage":"en-GB"},{"@type":"Organization","@id":"https:\/\/fervin.si\/#organization","name":"FERVIN","url":"https:\/\/fervin.si\/","logo":{"@type":"ImageObject","inLanguage":"en-GB","@id":"https:\/\/fervin.si\/#\/schema\/logo\/image\/","url":"https:\/\/i0.wp.com\/fervin.si\/wp-content\/uploads\/2023\/02\/FERVINpaypal.png?fit=151%2C46&ssl=1","contentUrl":"https:\/\/i0.wp.com\/fervin.si\/wp-content\/uploads\/2023\/02\/FERVINpaypal.png?fit=151%2C46&ssl=1","width":151,"height":46,"caption":"FERVIN"},"image":{"@id":"https:\/\/fervin.si\/#\/schema\/logo\/image\/"},"sameAs":["https:\/\/www.facebook.com\/posestvofervin","https:\/\/www.instagram.com\/posestvofervin\/"]}]}},"jetpack_sharing_enabled":true,"_links":{"self":[{"href":"https:\/\/fervin.si\/en\/wp-json\/wp\/v2\/product\/1267","targetHints":{"allow":["GET"]}}],"collection":[{"href":"https:\/\/fervin.si\/en\/wp-json\/wp\/v2\/product"}],"about":[{"href":"https:\/\/fervin.si\/en\/wp-json\/wp\/v2\/types\/product"}],"wp:featuredmedia":[{"embeddable":true,"href":"https:\/\/fervin.si\/en\/wp-json\/wp\/v2\/media\/1268"}],"wp:attachment":[{"href":"https:\/\/fervin.si\/en\/wp-json\/wp\/v2\/media?parent=1267"}],"wp:term":[{"taxonomy":"product_brand","embeddable":true,"href":"https:\/\/fervin.si\/en\/wp-json\/wp\/v2\/product_brand?post=1267"},{"taxonomy":"product_cat","embeddable":true,"href":"https:\/\/fervin.si\/en\/wp-json\/wp\/v2\/product_cat?post=1267"},{"taxonomy":"product_tag","embeddable":true,"href":"https:\/\/fervin.si\/en\/wp-json\/wp\/v2\/product_tag?post=1267"}],"curies":[{"name":"wp","href":"https:\/\/api.w.org\/{rel}","templated":true}]}}